{"id":4476,"date":"2017-05-22T10:01:49","date_gmt":"2017-05-22T10:01:49","guid":{"rendered":"http:\/\/www.labelfactory.eu\/etiquetado-de-pales\/"},"modified":"2017-05-22T10:01:49","modified_gmt":"2017-05-22T10:01:49","slug":"etiquetado-de-pales","status":"publish","type":"page","link":"https:\/\/www.labelfactory.eu\/en\/etiquetado-de-pales\/","title":{"rendered":"Etiquetado de pal\u00e9s"},"content":{"rendered":"<\/div><\/div><\/div><!-- close content main div --><\/div><\/div><div id='av_section_1' class='avia-section main_color avia-section-default avia-no-border-styling av-parallax-section avia-bg-style-parallax  av-minimum-height av-minimum-height-custom container_wrap sidebar_left'  data-section-bg-repeat='no-repeat' ><div class='av-parallax' data-avia-parallax-ratio='0.3' ><div class='av-parallax-inner main_color  avia-full-stretch' style = 'background-repeat: no-repeat; background-image: url(https:\/\/www.labelfactory.eu\/wp-content\/uploads\/2017\/05\/piston-etiquetado.jpg); background-attachment: scroll; background-position: bottom center; ' ><\/div><\/div><div class='container' style='height:500px'><div class='template-page content  av-content-small units'><div class='post-entry post-entry-type-page post-entry-4476'><div class='entry-content-wrapper clearfix'><\/div><\/div><\/div><!-- close content main div --><\/div><\/div><div id='after_section_1' class='main_color av_default_container_wrap container_wrap sidebar_left'   ><div class='container' ><div class='template-page content  av-content-small units'><div class='post-entry post-entry-type-page post-entry-4476'><div class='entry-content-wrapper clearfix'>\n<\/div><\/div><\/div><!-- close content main div --><\/div><\/div><div id='av_section_2' class='avia-section main_color avia-section-large avia-no-border-styling avia-bg-style-scroll  container_wrap sidebar_left'   ><div class='container' ><div class='template-page content  av-content-small units'><div class='post-entry post-entry-type-page post-entry-4476'><div class='entry-content-wrapper clearfix'>\n<div style='padding-bottom:20px;font-size:40px;' class='av-special-heading av-special-heading-h1  blockquote modern-quote   av-inherit-size'><h1 class='av-special-heading-tag'  itemprop=\"headline\"  >Etiquetado de pal\u00e9s<\/h1><div class='special-heading-border'><div class='special-heading-inner-border' ><\/div><\/div><\/div>\n<div style=' margin-top:10px; margin-bottom:10px;'  class='hr hr-custom hr-left hr-icon-no '><span class='hr-inner   inner-border-av-border-fat' style=' width:50px; border-color:#000000;' ><span class='hr-inner-style'><\/span><\/span><\/div>\n<div class=\"flex_column av_one_half  flex_column_div av-zero-column-padding first  \" style='border-radius:0px; '><section class=\"av_textblock_section\"  itemscope=\"itemscope\" itemtype=\"https:\/\/schema.org\/CreativeWork\" ><div class='avia_textblock '   itemprop=\"text\" ><p class=\"p1\"><span class=\"s1\">El etiquetado de pales es la base de la trazabilidad dentro de la cadena de suministro. Crea una identidad o matr\u00edcula \u00fanica que es la clave de los env\u00edos, almacenamiento, fechas de caducidad y ubicaciones de almac\u00e9n para cada cliente, manteniendo la informaci\u00f3n de las diferentes agrupaciones de productos.<\/span><\/p>\n<p class=\"p1\"><span class=\"s1\">Label Factory ha desarrollado la m\u00e1s completa gama de equipos de impresi\u00f3n y aplicado de etiquetas en tiempo real para pales. Equipos con un novedoso concepto de dise\u00f1o industrial, robustos, r\u00e1pidos y fiables. Los equipos de etiquetado de pales se instalan y adaptan a cualquier final de l\u00ednea de producci\u00f3n, reciben y procesas informaci\u00f3n desde los sistemas de gesti\u00f3n y le ayudan a cumplir con la normatica GS1, pudiendo llegar a etiquetar desde 1 a 5 caras del pale.<\/span><\/p>\n<p class=\"p1\"><span class=\"s1\">\u00a0<\/span><\/p>\n<\/div><\/section><br \/>\n<div style='height:30px' class='hr hr-invisible '><span class='hr-inner ' ><span class='hr-inner-style'><\/span><\/span><\/div><\/p><\/div><div class=\"flex_column av_one_half  flex_column_div av-zero-column-padding   \" style='border-radius:0px; '><section class=\"av_textblock_section\"  itemscope=\"itemscope\" itemtype=\"https:\/\/schema.org\/CreativeWork\" ><div class='avia_textblock '   itemprop=\"text\" ><h3 class=\"p1\"><span class=\"s1\">Equipos recomendados<\/span><\/h3>\n<p class=\"p1\"><span class=\"s1\">Los equipos adecuados para el etiquetado de Pal\u00e9s\u00a0son los siguientes:<\/span><\/p>\n<ul>\n<li class=\"p1\"><a href=\"https:\/\/www.labelfactory.eu\/en\/products\/pallets\/lithium\/\"><span class=\"s1\">Labelit LITHIUM<\/span><\/a><\/li>\n<li class=\"p1\"><a href=\"https:\/\/www.labelfactory.eu\/en\/products\/pallets\/titanium\/\"><span class=\"s1\">Labelit TITANIUM<\/span><\/a><\/li>\n<li class=\"p1\"><a href=\"https:\/\/www.labelfactory.eu\/en\/products\/pallets\/platinum\/\"><span class=\"s1\">Labelit PLATINUM<\/span><\/a><\/li>\n<li class=\"p1\"><span class=\"s1\">Labelit ARM<\/span><\/li>\n<\/ul>\n<p class=\"p1\"><span class=\"s1\">\u00a0<\/span><\/p>\n<h3 class=\"p1\"><span class=\"s1\">Productos o sustratos a etiquetar<\/span><\/h3>\n<ul>\n<li class=\"p1\">\n<p class=\"p1\"><span class=\"s1\">Pal\u00e9s<\/span><\/p>\n<\/li>\n<\/ul>\n<\/div><\/section><\/div>\n<\/div><\/div><\/div><!-- close content main div --><\/div><\/div><div id='after_section_2' class='main_color av_default_container_wrap container_wrap sidebar_left'   ><div class='container' ><div class='template-page content  av-content-small units'><div class='post-entry post-entry-type-page post-entry-4476'><div class='entry-content-wrapper clearfix'>\n<div id='av-masonry-1' class='av-masonry noHover av-fixed-size av-large-gap av-hover-overlay- av-masonry-col-4 av-caption-always av-caption-style- av-masonry-gallery  ' style='background-color:#ffffff; ' ><div class='av-masonry-container isotope av-js-disabled ' ><div class='av-masonry-entry isotope-item av-masonry-item-no-image '><\/div><div id='av-masonry-1-item-4797' data-av-masonry-item='4797' class='av-masonry-entry isotope-item post-4797 attachment type-attachment status-inherit hentry  av-masonry-item-with-image'   itemprop=\"thumbnailUrl\" ><div class='av-inner-masonry-sizer'><\/div><figure class='av-inner-masonry main_color'><div class=\"av-masonry-outerimage-container\"><div class=\"av-masonry-image-container\" style=\"background-image: url(https:\/\/www.labelfactory.eu\/wp-content\/uploads\/2017\/05\/pales2.jpg);\"><img src=\"https:\/\/www.labelfactory.eu\/wp-content\/uploads\/2017\/05\/pales2.jpg\" title=\"pales2\" alt=\"\" \/><\/div><\/div><\/figure><\/div><!--end av-masonry entry--><div id='av-masonry-1-item-4802' data-av-masonry-item='4802' class='av-masonry-entry isotope-item post-4802 attachment type-attachment status-inherit hentry  av-masonry-item-with-image'   itemprop=\"thumbnailUrl\" ><div class='av-inner-masonry-sizer'><\/div><figure class='av-inner-masonry main_color'><div class=\"av-masonry-outerimage-container\"><div class=\"av-masonry-image-container\" style=\"background-image: url(https:\/\/www.labelfactory.eu\/wp-content\/uploads\/2017\/05\/pales6.jpg);\"><img src=\"https:\/\/www.labelfactory.eu\/wp-content\/uploads\/2017\/05\/pales6.jpg\" title=\"pales6\" alt=\"\" \/><\/div><\/div><\/figure><\/div><!--end av-masonry entry--><div id='av-masonry-1-item-4796' data-av-masonry-item='4796' class='av-masonry-entry isotope-item post-4796 attachment type-attachment status-inherit hentry  av-masonry-item-with-image'   itemprop=\"thumbnailUrl\" ><div class='av-inner-masonry-sizer'><\/div><figure class='av-inner-masonry main_color'><div class=\"av-masonry-outerimage-container\"><div class=\"av-masonry-image-container\" style=\"background-image: url(https:\/\/www.labelfactory.eu\/wp-content\/uploads\/2017\/05\/pales1.jpg);\"><img src=\"https:\/\/www.labelfactory.eu\/wp-content\/uploads\/2017\/05\/pales1.jpg\" title=\"pales1\" alt=\"\" \/><\/div><\/div><\/figure><\/div><!--end av-masonry entry--><div id='av-masonry-1-item-4798' data-av-masonry-item='4798' class='av-masonry-entry isotope-item post-4798 attachment type-attachment status-inherit hentry  av-masonry-item-with-image'   itemprop=\"thumbnailUrl\" ><div class='av-inner-masonry-sizer'><\/div><figure class='av-inner-masonry main_color'><div class=\"av-masonry-outerimage-container\"><div class=\"av-masonry-image-container\" style=\"background-image: url(https:\/\/www.labelfactory.eu\/wp-content\/uploads\/2017\/05\/pales3.jpg);\"><img src=\"https:\/\/www.labelfactory.eu\/wp-content\/uploads\/2017\/05\/pales3.jpg\" title=\"pales3\" alt=\"\" \/><\/div><\/div><\/figure><\/div><!--end av-masonry entry--><\/div><\/div>\n<\/div><\/div><\/div><!-- close content main div --><\/div><\/div><div id='av_section_3' class='avia-section main_color avia-section-huge avia-no-border-styling avia-full-stretch av-section-color-overlay-active avia-bg-style-fixed  container_wrap sidebar_left' style = 'background-repeat: no-repeat; background-image: url(https:\/\/www.labelfactory.eu\/wp-content\/uploads\/2017\/05\/pales5.jpg); background-attachment: fixed; background-position: center center; ' data-section-bg-repeat='stretch' ><div class='av-section-color-overlay-wrap'><div class='av-section-color-overlay' style='opacity: 0.8; background-color: #35383c; '><\/div><div class='container' ><div class='template-page content  av-content-small units'><div class='post-entry post-entry-type-page post-entry-4476'><div class='entry-content-wrapper clearfix'>\n<div class=\"flex_column av_one_fifth  flex_column_div av-zero-column-padding first  \" style='border-radius:0px; '><\/div><div class=\"flex_column av_three_fifth  flex_column_div av-zero-column-padding   \" style='border-radius:0px; '><p><div style='padding-bottom:20px;color:#ffffff;font-size:40px;' class='av-special-heading av-special-heading-h2 custom-color-heading blockquote modern-quote modern-centered   av-thin-font av-inherit-size'><h2 class='av-special-heading-tag'  itemprop=\"headline\"  >La tecnolog\u00eda eficiente<strong>.<\/strong><\/h2><div class='special-heading-border'><div class='special-heading-inner-border' style='border-color:#ffffff'><\/div><\/div><\/div><br \/>\n<section class=\"av_textblock_section\"  itemscope=\"itemscope\" itemtype=\"https:\/\/schema.org\/CreativeWork\" ><div class='avia_textblock  av_inherit_color'  style='font-size:18px; color:#ffffff; '  itemprop=\"text\" ><p class=\"p1\" style=\"text-align: center;\"><span class=\"s1\">Equipos de etiquetado rentables, m\u00e1s ecol\u00f3gicos, eficaces y que duran mucho m\u00e1s en las condiciones de trabajo m\u00e1s exigentes.<\/span><\/p>\n<\/div><\/section><\/p><\/div><div class=\"flex_column av_one_fifth  flex_column_div av-zero-column-padding   \" style='border-radius:0px; '><\/div>\n<\/div><\/div><\/div><!-- close content main div --><\/div><\/div><\/div><div id='after_section_3' class='main_color av_default_container_wrap container_wrap sidebar_left'   ><div class='container' ><div class='template-page content  av-content-small units'><div class='post-entry post-entry-type-page post-entry-4476'><div class='entry-content-wrapper clearfix'>\n","protected":false},"excerpt":{"rendered":"","protected":false},"author":1,"featured_media":0,"parent":0,"menu_order":0,"comment_status":"closed","ping_status":"closed","template":"template-empresa.php","meta":[],"yoast_head":"<!-- This site is optimized with the Yoast SEO plugin v21.1 - https:\/\/yoast.com\/wordpress\/plugins\/seo\/ -->\n<title>Etiquetado de pal\u00e9s - Label Factory<\/title>\n<meta name=\"robots\" content=\"index, follow, max-snippet:-1, max-image-preview:large, max-video-preview:-1\" \/>\n<link rel=\"canonical\" href=\"https:\/\/www.labelfactory.eu\/en\/etiquetado-de-pales\/\" \/>\n<meta property=\"og:locale\" content=\"en_US\" \/>\n<meta property=\"og:type\" content=\"article\" \/>\n<meta property=\"og:title\" content=\"Etiquetado de pal\u00e9s - Label Factory\" \/>\n<meta property=\"og:url\" content=\"https:\/\/www.labelfactory.eu\/en\/etiquetado-de-pales\/\" \/>\n<meta property=\"og:site_name\" content=\"Label Factory\" \/>\n<meta name=\"twitter:card\" content=\"summary_large_image\" \/>\n<meta name=\"twitter:label1\" content=\"Est. reading time\" \/>\n\t<meta name=\"twitter:data1\" content=\"5 minutes\" \/>\n<script type=\"application\/ld+json\" class=\"yoast-schema-graph\">{\"@context\":\"https:\/\/schema.org\",\"@graph\":[{\"@type\":\"WebPage\",\"@id\":\"https:\/\/www.labelfactory.eu\/en\/etiquetado-de-pales\/\",\"url\":\"https:\/\/www.labelfactory.eu\/en\/etiquetado-de-pales\/\",\"name\":\"Etiquetado de pal\u00e9s - Label Factory\",\"isPartOf\":{\"@id\":\"https:\/\/www.labelfactory.eu\/en\/#website\"},\"datePublished\":\"2017-05-22T10:01:49+00:00\",\"dateModified\":\"2017-05-22T10:01:49+00:00\",\"breadcrumb\":{\"@id\":\"https:\/\/www.labelfactory.eu\/en\/etiquetado-de-pales\/#breadcrumb\"},\"inLanguage\":\"en-US\",\"potentialAction\":[{\"@type\":\"ReadAction\",\"target\":[\"https:\/\/www.labelfactory.eu\/en\/etiquetado-de-pales\/\"]}]},{\"@type\":\"BreadcrumbList\",\"@id\":\"https:\/\/www.labelfactory.eu\/en\/etiquetado-de-pales\/#breadcrumb\",\"itemListElement\":[{\"@type\":\"ListItem\",\"position\":1,\"name\":\"Portada\",\"item\":\"https:\/\/www.labelfactory.eu\/en\/\"},{\"@type\":\"ListItem\",\"position\":2,\"name\":\"Etiquetado de pal\u00e9s\"}]},{\"@type\":\"WebSite\",\"@id\":\"https:\/\/www.labelfactory.eu\/en\/#website\",\"url\":\"https:\/\/www.labelfactory.eu\/en\/\",\"name\":\"Label Factory\",\"description\":\"Equipos de etiquetado autom\u00e1tico\",\"potentialAction\":[{\"@type\":\"SearchAction\",\"target\":{\"@type\":\"EntryPoint\",\"urlTemplate\":\"https:\/\/www.labelfactory.eu\/en\/?s={search_term_string}\"},\"query-input\":\"required name=search_term_string\"}],\"inLanguage\":\"en-US\"}]}<\/script>\n<!-- \/ Yoast SEO plugin. -->","yoast_head_json":{"title":"Etiquetado de pal\u00e9s - Label Factory","robots":{"index":"index","follow":"follow","max-snippet":"max-snippet:-1","max-image-preview":"max-image-preview:large","max-video-preview":"max-video-preview:-1"},"canonical":"https:\/\/www.labelfactory.eu\/en\/etiquetado-de-pales\/","og_locale":"en_US","og_type":"article","og_title":"Etiquetado de pal\u00e9s - Label Factory","og_url":"https:\/\/www.labelfactory.eu\/en\/etiquetado-de-pales\/","og_site_name":"Label Factory","twitter_card":"summary_large_image","twitter_misc":{"Est. reading time":"5 minutes"},"schema":{"@context":"https:\/\/schema.org","@graph":[{"@type":"WebPage","@id":"https:\/\/www.labelfactory.eu\/en\/etiquetado-de-pales\/","url":"https:\/\/www.labelfactory.eu\/en\/etiquetado-de-pales\/","name":"Etiquetado de pal\u00e9s - Label Factory","isPartOf":{"@id":"https:\/\/www.labelfactory.eu\/en\/#website"},"datePublished":"2017-05-22T10:01:49+00:00","dateModified":"2017-05-22T10:01:49+00:00","breadcrumb":{"@id":"https:\/\/www.labelfactory.eu\/en\/etiquetado-de-pales\/#breadcrumb"},"inLanguage":"en-US","potentialAction":[{"@type":"ReadAction","target":["https:\/\/www.labelfactory.eu\/en\/etiquetado-de-pales\/"]}]},{"@type":"BreadcrumbList","@id":"https:\/\/www.labelfactory.eu\/en\/etiquetado-de-pales\/#breadcrumb","itemListElement":[{"@type":"ListItem","position":1,"name":"Portada","item":"https:\/\/www.labelfactory.eu\/en\/"},{"@type":"ListItem","position":2,"name":"Etiquetado de pal\u00e9s"}]},{"@type":"WebSite","@id":"https:\/\/www.labelfactory.eu\/en\/#website","url":"https:\/\/www.labelfactory.eu\/en\/","name":"Label Factory","description":"Equipos de etiquetado autom\u00e1tico","potentialAction":[{"@type":"SearchAction","target":{"@type":"EntryPoint","urlTemplate":"https:\/\/www.labelfactory.eu\/en\/?s={search_term_string}"},"query-input":"required name=search_term_string"}],"inLanguage":"en-US"}]}},"_links":{"self":[{"href":"https:\/\/www.labelfactory.eu\/en\/wp-json\/wp\/v2\/pages\/4476"}],"collection":[{"href":"https:\/\/www.labelfactory.eu\/en\/wp-json\/wp\/v2\/pages"}],"about":[{"href":"https:\/\/www.labelfactory.eu\/en\/wp-json\/wp\/v2\/types\/page"}],"author":[{"embeddable":true,"href":"https:\/\/www.labelfactory.eu\/en\/wp-json\/wp\/v2\/users\/1"}],"replies":[{"embeddable":true,"href":"https:\/\/www.labelfactory.eu\/en\/wp-json\/wp\/v2\/comments?post=4476"}],"version-history":[{"count":0,"href":"https:\/\/www.labelfactory.eu\/en\/wp-json\/wp\/v2\/pages\/4476\/revisions"}],"wp:attachment":[{"href":"https:\/\/www.labelfactory.eu\/en\/wp-json\/wp\/v2\/media?parent=4476"}],"curies":[{"name":"wp","href":"https:\/\/api.w.org\/{rel}","templated":true}]}}