{"id":4480,"date":"2017-05-21T11:31:52","date_gmt":"2017-05-21T11:31:52","guid":{"rendered":"http:\/\/www.labelfactory.eu\/etiquetado-de-producto-unitario\/"},"modified":"2017-05-21T11:31:52","modified_gmt":"2017-05-21T11:31:52","slug":"etiquetado-de-producto-unitario","status":"publish","type":"page","link":"https:\/\/www.labelfactory.eu\/en\/etiquetado-de-producto-unitario\/","title":{"rendered":"Etiquetado de producto unitario"},"content":{"rendered":"<\/div><\/div><\/div><!-- close content main div --><\/div><\/div><div id='av_section_1' class='avia-section main_color avia-section-default avia-no-border-styling av-parallax-section avia-bg-style-parallax  av-minimum-height av-minimum-height-custom container_wrap sidebar_left'  data-section-bg-repeat='no-repeat' ><div class='av-parallax' data-avia-parallax-ratio='0.3' ><div class='av-parallax-inner main_color  avia-full-stretch' style = 'background-repeat: no-repeat; background-image: url(https:\/\/www.labelfactory.eu\/wp-content\/uploads\/2017\/05\/etiquetado-individual1.jpg); background-attachment: scroll; background-position: bottom center; ' ><\/div><\/div><div class='container' style='height:500px'><div class='template-page content  av-content-small units'><div class='post-entry post-entry-type-page post-entry-4480'><div class='entry-content-wrapper clearfix'><\/div><\/div><\/div><!-- close content main div --><\/div><\/div><div id='after_section_1' class='main_color av_default_container_wrap container_wrap sidebar_left'   ><div class='container' ><div class='template-page content  av-content-small units'><div class='post-entry post-entry-type-page post-entry-4480'><div class='entry-content-wrapper clearfix'>\n<\/div><\/div><\/div><!-- close content main div --><\/div><\/div><div id='av_section_2' class='avia-section main_color avia-section-large avia-no-border-styling avia-bg-style-scroll  container_wrap sidebar_left'   ><div class='container' ><div class='template-page content  av-content-small units'><div class='post-entry post-entry-type-page post-entry-4480'><div class='entry-content-wrapper clearfix'>\n<div style='padding-bottom:20px;font-size:40px;' class='av-special-heading av-special-heading-h1  blockquote modern-quote  av-inherit-size'><h1 class='av-special-heading-tag'  itemprop=\"headline\"  >Etiquetado de producto unitario<\/h1><div class ='av-subheading av-subheading_below ' style='font-size:22px;'><p>Agrupaci\u00f3n primaria<\/p>\n<\/div><div class='special-heading-border'><div class='special-heading-inner-border' ><\/div><\/div><\/div>\n<div style=' margin-top:10px; margin-bottom:10px;'  class='hr hr-custom hr-left hr-icon-no '><span class='hr-inner   inner-border-av-border-fat' style=' width:50px; border-color:#000000;' ><span class='hr-inner-style'><\/span><\/span><\/div>\n<div class=\"flex_column av_one_half  flex_column_div av-zero-column-padding first  \" style='border-radius:0px; '><section class=\"av_textblock_section\"  itemscope=\"itemscope\" itemtype=\"https:\/\/schema.org\/CreativeWork\" ><div class='avia_textblock '   itemprop=\"text\" ><p class=\"p1\"><span class=\"s1\">El envase o embalaje primario (agrupaci\u00f3n primaria) incluye la tecnolog\u00eda encargada de proteger los productos individuales para su distribuci\u00f3n, almacenamiento o comercializaci\u00f3n. El envase protege, conserva, transporta, informa y vende. Hoy en d\u00eda es una importante herramienta de marketing para cualquier producto.<\/span><\/p>\n<p class=\"p1\"><span class=\"s1\">Label Factory dispone de soluciones para etiquetar cualquier producto independientemente de su forma, tama\u00f1o y del material del que est\u00e9 compuesto.<\/span><\/p>\n<\/div><\/section><br \/>\n<div style='height:30px' class='hr hr-invisible '><span class='hr-inner ' ><span class='hr-inner-style'><\/span><\/span><\/div><\/p><\/div><div class=\"flex_column av_one_half  flex_column_div av-zero-column-padding   \" style='border-radius:0px; '><section class=\"av_textblock_section\"  itemscope=\"itemscope\" itemtype=\"https:\/\/schema.org\/CreativeWork\" ><div class='avia_textblock '   itemprop=\"text\" ><h3 class=\"p1\"><span class=\"s1\">Equipos recomendados<\/span><\/h3>\n<p class=\"p1\"><span class=\"s1\">Los equipos Labelit adecuados para el etiquetado de agrupaci\u00f3n primaria son los siguientes:<\/span><\/p>\n<ul>\n<li class=\"p1\"><a href=\"\/?producto_entries=serie-400-en-2\"><span class=\"s1\">Serie 400<\/span><\/a><\/li>\n<li class=\"p1\"><a href=\"https:\/\/www.labelfactory.eu\/en\/products\/serie-500-en\/\"><span class=\"s1\">Serie 500<\/span><\/a><\/li>\n<li class=\"p1\"><a href=\"https:\/\/www.labelfactory.eu\/en\/products\/serie-600-en\/\"><span class=\"s1\">Serie 600<\/span><\/a><\/li>\n<li class=\"p1\"><a href=\"https:\/\/www.labelfactory.eu\/en\/products\/serie-700-en\/\"><span class=\"s1\">Serie 700<\/span><\/a><\/li>\n<li class=\"p1\"><span class=\"s1\"><a href=\"https:\/\/www.labelfactory.eu\/en\/desarrollos-a-medida\/\">Serie 800<\/a> (Desarrollos a medida de cada cliente)<\/span><\/li>\n<\/ul>\n<\/div><\/section><\/div><\/div><\/div><\/div><!-- close content main div --><\/div><\/div><div id='after_section_2' class='main_color av_default_container_wrap container_wrap sidebar_left'   ><div class='container' ><div class='template-page content  av-content-small units'><div class='post-entry post-entry-type-page post-entry-4480'><div class='entry-content-wrapper clearfix'><div id='av-masonry-1' class='av-masonry noHover av-fixed-size av-large-gap av-hover-overlay- av-masonry-col-5 av-caption-always av-caption-style- av-masonry-gallery  ' style='background-color:#ffffff; ' ><div class='av-masonry-container isotope av-js-disabled ' ><div class='av-masonry-entry isotope-item av-masonry-item-no-image '><\/div><div id='av-masonry-1-item-4783' data-av-masonry-item='4783' class='av-masonry-entry isotope-item post-4783 attachment type-attachment status-inherit hentry  av-masonry-item-with-image'   itemprop=\"thumbnailUrl\" ><div class='av-inner-masonry-sizer'><\/div><figure class='av-inner-masonry main_color'><div class=\"av-masonry-outerimage-container\"><div class=\"av-masonry-image-container\" style=\"background-image: url(https:\/\/www.labelfactory.eu\/wp-content\/uploads\/2017\/05\/etiquetado-cerveza.jpg);\"><img src=\"https:\/\/www.labelfactory.eu\/wp-content\/uploads\/2017\/05\/etiquetado-cerveza.jpg\" title=\"etiquetado-cerveza\" alt=\"\" \/><\/div><\/div><\/figure><\/div><!--end av-masonry entry--><div id='av-masonry-1-item-4784' data-av-masonry-item='4784' class='av-masonry-entry isotope-item post-4784 attachment type-attachment status-inherit hentry  av-masonry-item-with-image'   itemprop=\"thumbnailUrl\" ><div class='av-inner-masonry-sizer'><\/div><figure class='av-inner-masonry main_color'><div class=\"av-masonry-outerimage-container\"><div class=\"av-masonry-image-container\" style=\"background-image: url(https:\/\/www.labelfactory.eu\/wp-content\/uploads\/2017\/05\/etiquetado-farmacia.jpg);\"><img src=\"https:\/\/www.labelfactory.eu\/wp-content\/uploads\/2017\/05\/etiquetado-farmacia.jpg\" title=\"etiquetado-farmacia\" alt=\"\" \/><\/div><\/div><\/figure><\/div><!--end av-masonry entry--><div id='av-masonry-1-item-4785' data-av-masonry-item='4785' class='av-masonry-entry isotope-item post-4785 attachment type-attachment status-inherit hentry  av-masonry-item-with-image'   itemprop=\"thumbnailUrl\" ><div class='av-inner-masonry-sizer'><\/div><figure class='av-inner-masonry main_color'><div class=\"av-masonry-outerimage-container\"><div class=\"av-masonry-image-container\" style=\"background-image: url(https:\/\/www.labelfactory.eu\/wp-content\/uploads\/2017\/05\/etiquetado-bandejas.jpg);\"><img src=\"https:\/\/www.labelfactory.eu\/wp-content\/uploads\/2017\/05\/etiquetado-bandejas.jpg\" title=\"etiquetado-bandejas\" alt=\"\" \/><\/div><\/div><\/figure><\/div><!--end av-masonry entry--><div id='av-masonry-1-item-4786' data-av-masonry-item='4786' class='av-masonry-entry isotope-item post-4786 attachment type-attachment status-inherit hentry  av-masonry-item-with-image'   itemprop=\"thumbnailUrl\" ><div class='av-inner-masonry-sizer'><\/div><figure class='av-inner-masonry main_color'><div class=\"av-masonry-outerimage-container\"><div class=\"av-masonry-image-container\" style=\"background-image: url(https:\/\/www.labelfactory.eu\/wp-content\/uploads\/2017\/05\/etiquetado-ropa.jpg);\"><img src=\"https:\/\/www.labelfactory.eu\/wp-content\/uploads\/2017\/05\/etiquetado-ropa.jpg\" title=\"etiquetado-ropa\" alt=\"\" \/><\/div><\/div><\/figure><\/div><!--end av-masonry entry--><div id='av-masonry-1-item-4787' data-av-masonry-item='4787' class='av-masonry-entry isotope-item post-4787 attachment type-attachment status-inherit hentry  av-masonry-item-with-image'   itemprop=\"thumbnailUrl\" ><div class='av-inner-masonry-sizer'><\/div><figure class='av-inner-masonry main_color'><div class=\"av-masonry-outerimage-container\"><div class=\"av-masonry-image-container\" style=\"background-image: url(https:\/\/www.labelfactory.eu\/wp-content\/uploads\/2017\/05\/etiquetado-congelados.jpg);\"><img src=\"https:\/\/www.labelfactory.eu\/wp-content\/uploads\/2017\/05\/etiquetado-congelados.jpg\" title=\"etiquetado-congelados\" alt=\"\" \/><\/div><\/div><\/figure><\/div><!--end av-masonry entry--><\/div><\/div><\/p>\n<\/div><\/div><\/div><!-- close content main div --><\/div><\/div><div id='av_section_3' class='avia-section main_color avia-section-huge avia-no-border-styling avia-bg-style-scroll  container_wrap sidebar_left'   ><div class='container' ><div class='template-page content  av-content-small units'><div class='post-entry post-entry-type-page post-entry-4480'><div class='entry-content-wrapper clearfix'>\n<div class=\"flex_column av_one_half  flex_column_div av-zero-column-padding first  \" style='border-radius:0px; '><div class='avia-image-container  av-styling-  noHover  av-overlay-on-hover  avia-align-center '  itemscope=\"itemscope\" itemtype=\"https:\/\/schema.org\/ImageObject\"  ><div class='avia-image-container-inner'><div class='av-image-caption-overlay'><div class='av-caption-image-overlay-bg' style='opacity:0.8; background-color:#ffffff; '><\/div><div class='av-image-caption-overlay-position'><div class='av-image-caption-overlay-center' style='color:#5e5e5e; font-size:24px; '><p>Todo tipo de productos y formas<\/p>\n<\/div><\/div><\/div><img class='avia_image ' src='https:\/\/www.labelfactory.eu\/wp-content\/uploads\/2017\/05\/productos-multiforma2.jpg' alt='' title='productos-multiforma2'   itemprop=\"thumbnailUrl\"  \/><\/div><\/div><\/div><div class=\"flex_column av_one_half  flex_column_div av-zero-column-padding   \" style='border-radius:0px; '><section class=\"av_textblock_section\"  itemscope=\"itemscope\" itemtype=\"https:\/\/schema.org\/CreativeWork\" ><div class='avia_textblock '   itemprop=\"text\" ><h3 class=\"p1\"><span class=\"s1\">Productos o sustratos a etiquetar<\/span><\/h3>\n<ul>\n<li class=\"p1\"><span class=\"s1\">Paquetes<\/span><\/li>\n<li class=\"p1\"><span class=\"s1\">Blister<\/span><\/li>\n<li class=\"p1\"><span class=\"s1\">Bandejas<\/span><\/li>\n<li class=\"p1\"><span class=\"s1\">Cajas<\/span><\/li>\n<li class=\"p1\"><span class=\"s1\">Botes<\/span><\/li>\n<li class=\"p1\"><span class=\"s1\">Botellas<\/span><\/li>\n<li class=\"p1\"><span class=\"s1\">Viales<\/span><\/li>\n<li><span class=\"s1\">Latas<\/span><\/li>\n<li><span class=\"s1\">Contenedores<\/span><\/li>\n<li><span class=\"s1\">Sacos<\/span><\/li>\n<li><span class=\"s1\">Bolsas<\/span><\/li>\n<li class=\"p1\"><span class=\"s1\">Otros envases flexibles, semi-r\u00edgidos, r\u00edgidos.<\/span><\/li>\n<\/ul>\n<\/div><\/section><br \/>\n<div style='height:30px' class='hr hr-invisible '><span class='hr-inner ' ><span class='hr-inner-style'><\/span><\/span><\/div><\/p><\/div>\n<\/div><\/div><\/div><!-- close content main div --><\/div><\/div><div id='after_section_3' class='main_color av_default_container_wrap container_wrap sidebar_left'   ><div class='container' ><div class='template-page content  av-content-small units'><div class='post-entry post-entry-type-page post-entry-4480'><div class='entry-content-wrapper clearfix'>\n<\/div><\/div><\/div><!-- close content main div --><\/div><\/div><div id='av_section_4' class='avia-section main_color avia-section-huge avia-no-border-styling avia-full-stretch av-section-color-overlay-active avia-bg-style-fixed  container_wrap sidebar_left' style = 'background-repeat: no-repeat; background-image: url(https:\/\/www.labelfactory.eu\/wp-content\/uploads\/2017\/05\/etiquetado.individual2.jpg); background-attachment: fixed; background-position: center center; ' data-section-bg-repeat='stretch' ><div class='av-section-color-overlay-wrap'><div class='av-section-color-overlay' style='opacity: 0.8; background-color: #35383c; '><\/div><div class='container' ><div class='template-page content  av-content-small units'><div class='post-entry post-entry-type-page post-entry-4480'><div class='entry-content-wrapper clearfix'>\n<div class=\"flex_column av_one_fifth  flex_column_div av-zero-column-padding first  \" style='border-radius:0px; '><\/div><div class=\"flex_column av_three_fifth  flex_column_div av-zero-column-padding   \" style='border-radius:0px; '><p><div style='padding-bottom:20px;color:#ffffff;font-size:40px;' class='av-special-heading av-special-heading-h2 custom-color-heading blockquote modern-quote modern-centered   av-thin-font av-inherit-size'><h2 class='av-special-heading-tag'  itemprop=\"headline\"  >La tecnolog\u00eda eficiente<strong>.<\/strong><\/h2><div class='special-heading-border'><div class='special-heading-inner-border' style='border-color:#ffffff'><\/div><\/div><\/div><br \/>\n<section class=\"av_textblock_section\"  itemscope=\"itemscope\" itemtype=\"https:\/\/schema.org\/CreativeWork\" ><div class='avia_textblock  av_inherit_color'  style='font-size:18px; color:#ffffff; '  itemprop=\"text\" ><p class=\"p1\" style=\"text-align: center;\"><span class=\"s1\">Equipos de etiquetado rentables, m\u00e1s ecol\u00f3gicos, eficaces y que duran mucho m\u00e1s en las condiciones de trabajo m\u00e1s exigentes.<\/span><\/p>\n<\/div><\/section><\/p><\/div><div class=\"flex_column av_one_fifth  flex_column_div av-zero-column-padding   \" style='border-radius:0px; '><\/div>\n<\/div><\/div><\/div><!-- close content main div --><\/div><\/div><\/div><div id='after_section_4' class='main_color av_default_container_wrap container_wrap sidebar_left'   ><div class='container' ><div class='template-page content  av-content-small units'><div class='post-entry post-entry-type-page post-entry-4480'><div class='entry-content-wrapper clearfix'>\n","protected":false},"excerpt":{"rendered":"","protected":false},"author":1,"featured_media":0,"parent":0,"menu_order":0,"comment_status":"closed","ping_status":"closed","template":"template-empresa.php","meta":[],"yoast_head":"<!-- This site is optimized with the Yoast SEO plugin v21.1 - https:\/\/yoast.com\/wordpress\/plugins\/seo\/ -->\n<title>Etiquetado de producto unitario - Label Factory<\/title>\n<meta name=\"robots\" content=\"index, follow, max-snippet:-1, max-image-preview:large, max-video-preview:-1\" \/>\n<link rel=\"canonical\" href=\"https:\/\/www.labelfactory.eu\/en\/etiquetado-de-producto-unitario\/\" \/>\n<meta property=\"og:locale\" content=\"en_US\" \/>\n<meta property=\"og:type\" content=\"article\" \/>\n<meta property=\"og:title\" content=\"Etiquetado de producto unitario - Label Factory\" \/>\n<meta property=\"og:url\" content=\"https:\/\/www.labelfactory.eu\/en\/etiquetado-de-producto-unitario\/\" \/>\n<meta property=\"og:site_name\" content=\"Label Factory\" \/>\n<meta name=\"twitter:card\" content=\"summary_large_image\" \/>\n<meta name=\"twitter:label1\" content=\"Est. reading time\" \/>\n\t<meta name=\"twitter:data1\" content=\"6 minutes\" \/>\n<script type=\"application\/ld+json\" class=\"yoast-schema-graph\">{\"@context\":\"https:\/\/schema.org\",\"@graph\":[{\"@type\":\"WebPage\",\"@id\":\"https:\/\/www.labelfactory.eu\/en\/etiquetado-de-producto-unitario\/\",\"url\":\"https:\/\/www.labelfactory.eu\/en\/etiquetado-de-producto-unitario\/\",\"name\":\"Etiquetado de producto unitario - Label Factory\",\"isPartOf\":{\"@id\":\"https:\/\/www.labelfactory.eu\/en\/#website\"},\"datePublished\":\"2017-05-21T11:31:52+00:00\",\"dateModified\":\"2017-05-21T11:31:52+00:00\",\"breadcrumb\":{\"@id\":\"https:\/\/www.labelfactory.eu\/en\/etiquetado-de-producto-unitario\/#breadcrumb\"},\"inLanguage\":\"en-US\",\"potentialAction\":[{\"@type\":\"ReadAction\",\"target\":[\"https:\/\/www.labelfactory.eu\/en\/etiquetado-de-producto-unitario\/\"]}]},{\"@type\":\"BreadcrumbList\",\"@id\":\"https:\/\/www.labelfactory.eu\/en\/etiquetado-de-producto-unitario\/#breadcrumb\",\"itemListElement\":[{\"@type\":\"ListItem\",\"position\":1,\"name\":\"Portada\",\"item\":\"https:\/\/www.labelfactory.eu\/en\/\"},{\"@type\":\"ListItem\",\"position\":2,\"name\":\"Etiquetado de producto unitario\"}]},{\"@type\":\"WebSite\",\"@id\":\"https:\/\/www.labelfactory.eu\/en\/#website\",\"url\":\"https:\/\/www.labelfactory.eu\/en\/\",\"name\":\"Label Factory\",\"description\":\"Equipos de etiquetado autom\u00e1tico\",\"potentialAction\":[{\"@type\":\"SearchAction\",\"target\":{\"@type\":\"EntryPoint\",\"urlTemplate\":\"https:\/\/www.labelfactory.eu\/en\/?s={search_term_string}\"},\"query-input\":\"required name=search_term_string\"}],\"inLanguage\":\"en-US\"}]}<\/script>\n<!-- \/ Yoast SEO plugin. -->","yoast_head_json":{"title":"Etiquetado de producto unitario - Label Factory","robots":{"index":"index","follow":"follow","max-snippet":"max-snippet:-1","max-image-preview":"max-image-preview:large","max-video-preview":"max-video-preview:-1"},"canonical":"https:\/\/www.labelfactory.eu\/en\/etiquetado-de-producto-unitario\/","og_locale":"en_US","og_type":"article","og_title":"Etiquetado de producto unitario - Label Factory","og_url":"https:\/\/www.labelfactory.eu\/en\/etiquetado-de-producto-unitario\/","og_site_name":"Label Factory","twitter_card":"summary_large_image","twitter_misc":{"Est. reading time":"6 minutes"},"schema":{"@context":"https:\/\/schema.org","@graph":[{"@type":"WebPage","@id":"https:\/\/www.labelfactory.eu\/en\/etiquetado-de-producto-unitario\/","url":"https:\/\/www.labelfactory.eu\/en\/etiquetado-de-producto-unitario\/","name":"Etiquetado de producto unitario - Label Factory","isPartOf":{"@id":"https:\/\/www.labelfactory.eu\/en\/#website"},"datePublished":"2017-05-21T11:31:52+00:00","dateModified":"2017-05-21T11:31:52+00:00","breadcrumb":{"@id":"https:\/\/www.labelfactory.eu\/en\/etiquetado-de-producto-unitario\/#breadcrumb"},"inLanguage":"en-US","potentialAction":[{"@type":"ReadAction","target":["https:\/\/www.labelfactory.eu\/en\/etiquetado-de-producto-unitario\/"]}]},{"@type":"BreadcrumbList","@id":"https:\/\/www.labelfactory.eu\/en\/etiquetado-de-producto-unitario\/#breadcrumb","itemListElement":[{"@type":"ListItem","position":1,"name":"Portada","item":"https:\/\/www.labelfactory.eu\/en\/"},{"@type":"ListItem","position":2,"name":"Etiquetado de producto unitario"}]},{"@type":"WebSite","@id":"https:\/\/www.labelfactory.eu\/en\/#website","url":"https:\/\/www.labelfactory.eu\/en\/","name":"Label Factory","description":"Equipos de etiquetado autom\u00e1tico","potentialAction":[{"@type":"SearchAction","target":{"@type":"EntryPoint","urlTemplate":"https:\/\/www.labelfactory.eu\/en\/?s={search_term_string}"},"query-input":"required name=search_term_string"}],"inLanguage":"en-US"}]}},"_links":{"self":[{"href":"https:\/\/www.labelfactory.eu\/en\/wp-json\/wp\/v2\/pages\/4480"}],"collection":[{"href":"https:\/\/www.labelfactory.eu\/en\/wp-json\/wp\/v2\/pages"}],"about":[{"href":"https:\/\/www.labelfactory.eu\/en\/wp-json\/wp\/v2\/types\/page"}],"author":[{"embeddable":true,"href":"https:\/\/www.labelfactory.eu\/en\/wp-json\/wp\/v2\/users\/1"}],"replies":[{"embeddable":true,"href":"https:\/\/www.labelfactory.eu\/en\/wp-json\/wp\/v2\/comments?post=4480"}],"version-history":[{"count":0,"href":"https:\/\/www.labelfactory.eu\/en\/wp-json\/wp\/v2\/pages\/4480\/revisions"}],"wp:attachment":[{"href":"https:\/\/www.labelfactory.eu\/en\/wp-json\/wp\/v2\/media?parent=4480"}],"curies":[{"name":"wp","href":"https:\/\/api.w.org\/{rel}","templated":true}]}}