{"id":4930,"date":"2017-04-02T16:07:01","date_gmt":"2017-04-02T16:07:01","guid":{"rendered":"http:\/\/www.labelfactory.eu\/?page_id=4930"},"modified":"2019-05-02T14:08:43","modified_gmt":"2019-05-02T14:08:43","slug":"sante-et-cosmetique","status":"publish","type":"page","link":"https:\/\/www.labelfactory.eu\/fr\/secteurs\/sante-et-cosmetique\/","title":{"rendered":"Sant\u00e9 et cosm\u00e9tique"},"content":{"rendered":"<p>Label Factory a mis au point des solutions d\u2019\u00e9tiquetage r\u00e9pondant aux exigences sp\u00e9cifiques de l\u2019industrie afin de contribuer \u00e0 la protection de la cha\u00eene logistique et aux hautes exigences de cette industrie.<\/p>\n<p>Il est essentiel de conserver chaque produit identifi\u00e9 depuis la phase de production jusqu&rsquo;au destinataire final, de le garder lisible et de conserver toutes les donn\u00e9es relatives \u00e0 la tra\u00e7abilit\u00e9.<\/p>\n<h4><\/h4>\n<h4>Exigences sp\u00e9cifiques:<\/h4>\n<ul>\n<li>Respecter les r\u00e8gles d&rsquo;identification et de tra\u00e7abilit\u00e9.<\/li>\n<li>Respectez les d\u00e9lais de livraison minimaux et \u00e9liminez les erreurs.<\/li>\n<li>Lutte contre la contrefa\u00e7on, le vol et les march\u00e9s parall\u00e8les.<\/li>\n<li>Assurer une gestion rapide des r\u00e9clamations et des retours.<\/li>\n<li>Positionnement pr\u00e9cis des \u00e9tiquettes sans r\u00e9duire les vitesses de production.<\/li>\n<li>Syst\u00e8mes modulaires et \u00e9volutifs qui s&rsquo;adaptent \u00e0 l&rsquo;\u00e9volution de la production.<\/li>\n<\/ul>\n<h4><\/h4>\n<h4>Besoins du secteur:<\/h4>\n<ul>\n<li>Impression des num\u00e9ros de lot.<\/li>\n<li>Impression des dates de p\u00e9remption.<\/li>\n<li>Impression de logos et d&rsquo;informations commerciales et marketing.<\/li>\n<li>Impression de tous types de codes \u00e0 barres, unidimensionnels, bidimensionnels, Datamatrix.<\/li>\n<li>Conformit\u00e9 \u00e0 la r\u00e9glementation GS-1.<\/li>\n<\/ul>\n<h4><\/h4>\n<h4>Produits:<\/h4>\n<ul>\n<li>Flacons et tubes en verre.<\/li>\n<li>Emballage flexible<.\/li>\n<li>Emballages en plastique rigides.<\/li>\n<li>Emballages en papier et en plastique.<\/li>\n<li>Barquettes<\/li>\n<li>Bo\u00eetes en carton<\/li>\n<li>Palettes<\/li>\n<\/ul>\n","protected":false},"excerpt":{"rendered":"<p>Label Factory a mis au point des solutions d\u2019\u00e9tiquetage r\u00e9pondant aux exigences sp\u00e9cifiques de l\u2019industrie afin de contribuer \u00e0 la protection de la cha\u00eene logistique et aux hautes exigences de cette industrie. Il est essentiel de conserver chaque produit identifi\u00e9 depuis la phase de production jusqu&rsquo;au destinataire final, de le garder lisible et de conserver [&hellip;]<\/p>\n","protected":false},"author":1,"featured_media":4929,"parent":4925,"menu_order":0,"comment_status":"closed","ping_status":"closed","template":"template-sector.php","meta":[],"yoast_head":"<!-- This site is optimized with the Yoast SEO plugin v21.1 - https:\/\/yoast.com\/wordpress\/plugins\/seo\/ -->\n<title>Sant\u00e9 et cosm\u00e9tique - Label Factory<\/title>\n<meta name=\"robots\" content=\"index, follow, max-snippet:-1, max-image-preview:large, max-video-preview:-1\" \/>\n<link rel=\"canonical\" href=\"https:\/\/www.labelfactory.eu\/fr\/secteurs\/sante-et-cosmetique\/\" \/>\n<meta property=\"og:locale\" content=\"fr_FR\" \/>\n<meta property=\"og:type\" content=\"article\" \/>\n<meta property=\"og:title\" content=\"Sant\u00e9 et cosm\u00e9tique - Label Factory\" \/>\n<meta property=\"og:description\" content=\"Label Factory a mis au point des solutions d\u2019\u00e9tiquetage r\u00e9pondant aux exigences sp\u00e9cifiques de l\u2019industrie afin de contribuer \u00e0 la protection de la cha\u00eene logistique et aux hautes exigences de cette industrie. Il est essentiel de conserver chaque produit identifi\u00e9 depuis la phase de production jusqu&rsquo;au destinataire final, de le garder lisible et de conserver [&hellip;]\" \/>\n<meta property=\"og:url\" content=\"https:\/\/www.labelfactory.eu\/fr\/secteurs\/sante-et-cosmetique\/\" \/>\n<meta property=\"og:site_name\" content=\"Label Factory\" \/>\n<meta property=\"article:modified_time\" content=\"2019-05-02T14:08:43+00:00\" \/>\n<meta property=\"og:image\" content=\"https:\/\/www.labelfactory.eu\/wp-content\/uploads\/2017\/04\/salud-e1492776627749.jpg\" \/>\n\t<meta property=\"og:image:width\" content=\"1111\" \/>\n\t<meta property=\"og:image:height\" content=\"444\" \/>\n\t<meta property=\"og:image:type\" content=\"image\/jpeg\" \/>\n<meta name=\"twitter:card\" content=\"summary_large_image\" \/>\n<meta name=\"twitter:label1\" content=\"Dur\u00e9e de lecture estim\u00e9e\" \/>\n\t<meta name=\"twitter:data1\" content=\"1 minute\" \/>\n<script type=\"application\/ld+json\" class=\"yoast-schema-graph\">{\"@context\":\"https:\/\/schema.org\",\"@graph\":[{\"@type\":\"WebPage\",\"@id\":\"https:\/\/www.labelfactory.eu\/fr\/secteurs\/sante-et-cosmetique\/\",\"url\":\"https:\/\/www.labelfactory.eu\/fr\/secteurs\/sante-et-cosmetique\/\",\"name\":\"Sant\u00e9 et cosm\u00e9tique - Label Factory\",\"isPartOf\":{\"@id\":\"https:\/\/www.labelfactory.eu\/fr\/#website\"},\"datePublished\":\"2017-04-02T16:07:01+00:00\",\"dateModified\":\"2019-05-02T14:08:43+00:00\",\"breadcrumb\":{\"@id\":\"https:\/\/www.labelfactory.eu\/fr\/secteurs\/sante-et-cosmetique\/#breadcrumb\"},\"inLanguage\":\"fr-FR\",\"potentialAction\":[{\"@type\":\"ReadAction\",\"target\":[\"https:\/\/www.labelfactory.eu\/fr\/secteurs\/sante-et-cosmetique\/\"]}]},{\"@type\":\"BreadcrumbList\",\"@id\":\"https:\/\/www.labelfactory.eu\/fr\/secteurs\/sante-et-cosmetique\/#breadcrumb\",\"itemListElement\":[{\"@type\":\"ListItem\",\"position\":1,\"name\":\"Portada\",\"item\":\"https:\/\/www.labelfactory.eu\/fr\/\"},{\"@type\":\"ListItem\",\"position\":2,\"name\":\"Secteurs\",\"item\":\"https:\/\/www.labelfactory.eu\/fr\/secteurs\/\"},{\"@type\":\"ListItem\",\"position\":3,\"name\":\"Sant\u00e9 et cosm\u00e9tique\"}]},{\"@type\":\"WebSite\",\"@id\":\"https:\/\/www.labelfactory.eu\/fr\/#website\",\"url\":\"https:\/\/www.labelfactory.eu\/fr\/\",\"name\":\"Label Factory\",\"description\":\"Equipos de etiquetado autom\u00e1tico\",\"potentialAction\":[{\"@type\":\"SearchAction\",\"target\":{\"@type\":\"EntryPoint\",\"urlTemplate\":\"https:\/\/www.labelfactory.eu\/fr\/?s={search_term_string}\"},\"query-input\":\"required name=search_term_string\"}],\"inLanguage\":\"fr-FR\"}]}<\/script>\n<!-- \/ Yoast SEO plugin. -->","yoast_head_json":{"title":"Sant\u00e9 et cosm\u00e9tique - Label Factory","robots":{"index":"index","follow":"follow","max-snippet":"max-snippet:-1","max-image-preview":"max-image-preview:large","max-video-preview":"max-video-preview:-1"},"canonical":"https:\/\/www.labelfactory.eu\/fr\/secteurs\/sante-et-cosmetique\/","og_locale":"fr_FR","og_type":"article","og_title":"Sant\u00e9 et cosm\u00e9tique - Label Factory","og_description":"Label Factory a mis au point des solutions d\u2019\u00e9tiquetage r\u00e9pondant aux exigences sp\u00e9cifiques de l\u2019industrie afin de contribuer \u00e0 la protection de la cha\u00eene logistique et aux hautes exigences de cette industrie. Il est essentiel de conserver chaque produit identifi\u00e9 depuis la phase de production jusqu&rsquo;au destinataire final, de le garder lisible et de conserver [&hellip;]","og_url":"https:\/\/www.labelfactory.eu\/fr\/secteurs\/sante-et-cosmetique\/","og_site_name":"Label Factory","article_modified_time":"2019-05-02T14:08:43+00:00","og_image":[{"width":1111,"height":444,"url":"https:\/\/www.labelfactory.eu\/wp-content\/uploads\/2017\/04\/salud-e1492776627749.jpg","type":"image\/jpeg"}],"twitter_card":"summary_large_image","twitter_misc":{"Dur\u00e9e de lecture estim\u00e9e":"1 minute"},"schema":{"@context":"https:\/\/schema.org","@graph":[{"@type":"WebPage","@id":"https:\/\/www.labelfactory.eu\/fr\/secteurs\/sante-et-cosmetique\/","url":"https:\/\/www.labelfactory.eu\/fr\/secteurs\/sante-et-cosmetique\/","name":"Sant\u00e9 et cosm\u00e9tique - Label Factory","isPartOf":{"@id":"https:\/\/www.labelfactory.eu\/fr\/#website"},"datePublished":"2017-04-02T16:07:01+00:00","dateModified":"2019-05-02T14:08:43+00:00","breadcrumb":{"@id":"https:\/\/www.labelfactory.eu\/fr\/secteurs\/sante-et-cosmetique\/#breadcrumb"},"inLanguage":"fr-FR","potentialAction":[{"@type":"ReadAction","target":["https:\/\/www.labelfactory.eu\/fr\/secteurs\/sante-et-cosmetique\/"]}]},{"@type":"BreadcrumbList","@id":"https:\/\/www.labelfactory.eu\/fr\/secteurs\/sante-et-cosmetique\/#breadcrumb","itemListElement":[{"@type":"ListItem","position":1,"name":"Portada","item":"https:\/\/www.labelfactory.eu\/fr\/"},{"@type":"ListItem","position":2,"name":"Secteurs","item":"https:\/\/www.labelfactory.eu\/fr\/secteurs\/"},{"@type":"ListItem","position":3,"name":"Sant\u00e9 et cosm\u00e9tique"}]},{"@type":"WebSite","@id":"https:\/\/www.labelfactory.eu\/fr\/#website","url":"https:\/\/www.labelfactory.eu\/fr\/","name":"Label Factory","description":"Equipos de etiquetado autom\u00e1tico","potentialAction":[{"@type":"SearchAction","target":{"@type":"EntryPoint","urlTemplate":"https:\/\/www.labelfactory.eu\/fr\/?s={search_term_string}"},"query-input":"required name=search_term_string"}],"inLanguage":"fr-FR"}]}},"_links":{"self":[{"href":"https:\/\/www.labelfactory.eu\/fr\/wp-json\/wp\/v2\/pages\/4930"}],"collection":[{"href":"https:\/\/www.labelfactory.eu\/fr\/wp-json\/wp\/v2\/pages"}],"about":[{"href":"https:\/\/www.labelfactory.eu\/fr\/wp-json\/wp\/v2\/types\/page"}],"author":[{"embeddable":true,"href":"https:\/\/www.labelfactory.eu\/fr\/wp-json\/wp\/v2\/users\/1"}],"replies":[{"embeddable":true,"href":"https:\/\/www.labelfactory.eu\/fr\/wp-json\/wp\/v2\/comments?post=4930"}],"version-history":[{"count":2,"href":"https:\/\/www.labelfactory.eu\/fr\/wp-json\/wp\/v2\/pages\/4930\/revisions"}],"predecessor-version":[{"id":4935,"href":"https:\/\/www.labelfactory.eu\/fr\/wp-json\/wp\/v2\/pages\/4930\/revisions\/4935"}],"up":[{"embeddable":true,"href":"https:\/\/www.labelfactory.eu\/fr\/wp-json\/wp\/v2\/pages\/4925"}],"wp:featuredmedia":[{"embeddable":true,"href":"https:\/\/www.labelfactory.eu\/fr\/wp-json\/wp\/v2\/media\/4929"}],"wp:attachment":[{"href":"https:\/\/www.labelfactory.eu\/fr\/wp-json\/wp\/v2\/media?parent=4930"}],"curies":[{"name":"wp","href":"https:\/\/api.w.org\/{rel}","templated":true}]}}