{"id":4936,"date":"2017-04-02T16:07:22","date_gmt":"2017-04-02T16:07:22","guid":{"rendered":"http:\/\/www.labelfactory.eu\/secteurs\/automocion-neumaticos\/"},"modified":"2019-05-02T14:16:00","modified_gmt":"2019-05-02T14:16:00","slug":"automobile-et-pneus","status":"publish","type":"page","link":"https:\/\/www.labelfactory.eu\/fr\/secteurs\/automobile-et-pneus\/","title":{"rendered":"Automobile et pneus"},"content":{"rendered":"<section class=\"av_textblock_section\"  itemscope=\"itemscope\" itemtype=\"https:\/\/schema.org\/CreativeWork\" ><div class='avia_textblock '   itemprop=\"text\" ><p>L&rsquo;industrie automobile doit r\u00e9pondre \u00e0 des exigences \u00e9lev\u00e9es tout au long de sa cha\u00eene d&rsquo;approvisionnement. La philosophie de gestion Just In Time, l\u2019agilit\u00e9 et la pr\u00e9cision des livraisons aux grossistes et aux clients finaux exigent un \u00e9tiquetage de qualit\u00e9 maximale et une vitesse maximale.<\/p>\n<p>Label Factory dispose d&rsquo;un groupe d&rsquo;\u00e9tiquetage et de solutions d&rsquo;\u00e9tiquetage automatique con\u00e7ues pour r\u00e9pondre aux exigences \u00e9lev\u00e9es de cette industrie.<\/p>\n<h4>Exigences sp\u00e9cifiques:<\/h4>\n<ul>\n<li>Conformit\u00e9 aux r\u00e9glementations des constructeurs automobiles.<\/li>\n<li>Utilisation de mat\u00e9riaux sp\u00e9ciaux.<\/li>\n<li>Assurer la livraison des composants juste \u00e0 temps et optimiser la gestion des entrep\u00f4ts.<\/li>\n<li>Maintien de la cha\u00eene de contr\u00f4le en ajoutant des informations dans chaque groupe de produits, du produit individuel \u00e0 la liste.<\/li>\n<li>Efficacit\u00e9 dans les processus d&rsquo;exp\u00e9dition et de tra\u00e7abilit\u00e9.<\/li>\n<li>R\u00e9duction des co\u00fbts de r\u00e9clamations et de retours.<\/li>\n<li>R\u00e9duction des temps d&rsquo;attente ou d&rsquo;arr\u00eat<\/li>\n<\/ul>\n<h4>Besoins du secteur :<\/h4>\n<ul>\n<li>Productivit\u00e9 \u00e9lev\u00e9e.<\/li>\n<li>Incorporation de la technologie RFID.<\/li>\n<li>Identification et tra\u00e7abilit\u00e9 des fournisseurs et des mati\u00e8res premi\u00e8res.<\/li>\n<li>\u00c9tiquetage r\u00e9sistant aux solvants et \u00e0 l&rsquo;alcool.<\/li>\n<li>\u00c9tiquetage r\u00e9sistant aux hautes temp\u00e9ratures.<\/li>\n<li>R\u00e9duction des stocks<\/li>\n<li>Impression de haute qualit\u00e9<\/li>\n<li>Robustesse \u00e0 travailler dans des environnements exigeants.<\/li>\n<li>Vitesses d&rsquo;impression \u00e9lev\u00e9es.<\/li>\n<\/ul>\n<h4>Produits:<\/h4>\n<ul>\n<li>Composants<\/li>\n<li>Mati\u00e8res premi\u00e8res<\/li>\n<li>Bo\u00eetes\/Cartons<\/li>\n<li>Palettes.<\/li>\n<\/ul>\n<p><strong><u>\u00a0<\/u><\/strong><\/p>\n<\/div><\/section>\n","protected":false},"excerpt":{"rendered":"","protected":false},"author":1,"featured_media":4938,"parent":4925,"menu_order":1,"comment_status":"closed","ping_status":"closed","template":"template-sector.php","meta":[],"yoast_head":"<!-- This site is optimized with the Yoast SEO plugin v21.1 - https:\/\/yoast.com\/wordpress\/plugins\/seo\/ -->\n<title>Automobile et pneus - Label Factory<\/title>\n<meta name=\"robots\" content=\"index, follow, max-snippet:-1, max-image-preview:large, max-video-preview:-1\" \/>\n<link rel=\"canonical\" href=\"https:\/\/www.labelfactory.eu\/fr\/secteurs\/automobile-et-pneus\/\" \/>\n<meta property=\"og:locale\" content=\"fr_FR\" \/>\n<meta property=\"og:type\" content=\"article\" \/>\n<meta property=\"og:title\" content=\"Automobile et pneus - Label Factory\" \/>\n<meta property=\"og:url\" content=\"https:\/\/www.labelfactory.eu\/fr\/secteurs\/automobile-et-pneus\/\" \/>\n<meta property=\"og:site_name\" content=\"Label Factory\" \/>\n<meta property=\"article:modified_time\" content=\"2019-05-02T14:16:00+00:00\" \/>\n<meta property=\"og:image\" content=\"https:\/\/www.labelfactory.eu\/wp-content\/uploads\/2017\/04\/automocion2.jpg\" \/>\n\t<meta property=\"og:image:width\" content=\"1111\" \/>\n\t<meta property=\"og:image:height\" content=\"444\" \/>\n\t<meta property=\"og:image:type\" content=\"image\/jpeg\" \/>\n<meta name=\"twitter:card\" content=\"summary_large_image\" \/>\n<meta name=\"twitter:label1\" content=\"Dur\u00e9e de lecture estim\u00e9e\" \/>\n\t<meta name=\"twitter:data1\" content=\"1 minute\" \/>\n<script type=\"application\/ld+json\" class=\"yoast-schema-graph\">{\"@context\":\"https:\/\/schema.org\",\"@graph\":[{\"@type\":\"WebPage\",\"@id\":\"https:\/\/www.labelfactory.eu\/fr\/secteurs\/automobile-et-pneus\/\",\"url\":\"https:\/\/www.labelfactory.eu\/fr\/secteurs\/automobile-et-pneus\/\",\"name\":\"Automobile et pneus - Label Factory\",\"isPartOf\":{\"@id\":\"https:\/\/www.labelfactory.eu\/fr\/#website\"},\"datePublished\":\"2017-04-02T16:07:22+00:00\",\"dateModified\":\"2019-05-02T14:16:00+00:00\",\"breadcrumb\":{\"@id\":\"https:\/\/www.labelfactory.eu\/fr\/secteurs\/automobile-et-pneus\/#breadcrumb\"},\"inLanguage\":\"fr-FR\",\"potentialAction\":[{\"@type\":\"ReadAction\",\"target\":[\"https:\/\/www.labelfactory.eu\/fr\/secteurs\/automobile-et-pneus\/\"]}]},{\"@type\":\"BreadcrumbList\",\"@id\":\"https:\/\/www.labelfactory.eu\/fr\/secteurs\/automobile-et-pneus\/#breadcrumb\",\"itemListElement\":[{\"@type\":\"ListItem\",\"position\":1,\"name\":\"Portada\",\"item\":\"https:\/\/www.labelfactory.eu\/fr\/\"},{\"@type\":\"ListItem\",\"position\":2,\"name\":\"Secteurs\",\"item\":\"https:\/\/www.labelfactory.eu\/fr\/secteurs\/\"},{\"@type\":\"ListItem\",\"position\":3,\"name\":\"Automobile et pneus\"}]},{\"@type\":\"WebSite\",\"@id\":\"https:\/\/www.labelfactory.eu\/fr\/#website\",\"url\":\"https:\/\/www.labelfactory.eu\/fr\/\",\"name\":\"Label Factory\",\"description\":\"Equipos de etiquetado autom\u00e1tico\",\"potentialAction\":[{\"@type\":\"SearchAction\",\"target\":{\"@type\":\"EntryPoint\",\"urlTemplate\":\"https:\/\/www.labelfactory.eu\/fr\/?s={search_term_string}\"},\"query-input\":\"required name=search_term_string\"}],\"inLanguage\":\"fr-FR\"}]}<\/script>\n<!-- \/ Yoast SEO plugin. -->","yoast_head_json":{"title":"Automobile et pneus - Label Factory","robots":{"index":"index","follow":"follow","max-snippet":"max-snippet:-1","max-image-preview":"max-image-preview:large","max-video-preview":"max-video-preview:-1"},"canonical":"https:\/\/www.labelfactory.eu\/fr\/secteurs\/automobile-et-pneus\/","og_locale":"fr_FR","og_type":"article","og_title":"Automobile et pneus - Label Factory","og_url":"https:\/\/www.labelfactory.eu\/fr\/secteurs\/automobile-et-pneus\/","og_site_name":"Label Factory","article_modified_time":"2019-05-02T14:16:00+00:00","og_image":[{"width":1111,"height":444,"url":"https:\/\/www.labelfactory.eu\/wp-content\/uploads\/2017\/04\/automocion2.jpg","type":"image\/jpeg"}],"twitter_card":"summary_large_image","twitter_misc":{"Dur\u00e9e de lecture estim\u00e9e":"1 minute"},"schema":{"@context":"https:\/\/schema.org","@graph":[{"@type":"WebPage","@id":"https:\/\/www.labelfactory.eu\/fr\/secteurs\/automobile-et-pneus\/","url":"https:\/\/www.labelfactory.eu\/fr\/secteurs\/automobile-et-pneus\/","name":"Automobile et pneus - Label Factory","isPartOf":{"@id":"https:\/\/www.labelfactory.eu\/fr\/#website"},"datePublished":"2017-04-02T16:07:22+00:00","dateModified":"2019-05-02T14:16:00+00:00","breadcrumb":{"@id":"https:\/\/www.labelfactory.eu\/fr\/secteurs\/automobile-et-pneus\/#breadcrumb"},"inLanguage":"fr-FR","potentialAction":[{"@type":"ReadAction","target":["https:\/\/www.labelfactory.eu\/fr\/secteurs\/automobile-et-pneus\/"]}]},{"@type":"BreadcrumbList","@id":"https:\/\/www.labelfactory.eu\/fr\/secteurs\/automobile-et-pneus\/#breadcrumb","itemListElement":[{"@type":"ListItem","position":1,"name":"Portada","item":"https:\/\/www.labelfactory.eu\/fr\/"},{"@type":"ListItem","position":2,"name":"Secteurs","item":"https:\/\/www.labelfactory.eu\/fr\/secteurs\/"},{"@type":"ListItem","position":3,"name":"Automobile et pneus"}]},{"@type":"WebSite","@id":"https:\/\/www.labelfactory.eu\/fr\/#website","url":"https:\/\/www.labelfactory.eu\/fr\/","name":"Label Factory","description":"Equipos de etiquetado autom\u00e1tico","potentialAction":[{"@type":"SearchAction","target":{"@type":"EntryPoint","urlTemplate":"https:\/\/www.labelfactory.eu\/fr\/?s={search_term_string}"},"query-input":"required name=search_term_string"}],"inLanguage":"fr-FR"}]}},"_links":{"self":[{"href":"https:\/\/www.labelfactory.eu\/fr\/wp-json\/wp\/v2\/pages\/4936"}],"collection":[{"href":"https:\/\/www.labelfactory.eu\/fr\/wp-json\/wp\/v2\/pages"}],"about":[{"href":"https:\/\/www.labelfactory.eu\/fr\/wp-json\/wp\/v2\/types\/page"}],"author":[{"embeddable":true,"href":"https:\/\/www.labelfactory.eu\/fr\/wp-json\/wp\/v2\/users\/1"}],"replies":[{"embeddable":true,"href":"https:\/\/www.labelfactory.eu\/fr\/wp-json\/wp\/v2\/comments?post=4936"}],"version-history":[{"count":3,"href":"https:\/\/www.labelfactory.eu\/fr\/wp-json\/wp\/v2\/pages\/4936\/revisions"}],"predecessor-version":[{"id":4942,"href":"https:\/\/www.labelfactory.eu\/fr\/wp-json\/wp\/v2\/pages\/4936\/revisions\/4942"}],"up":[{"embeddable":true,"href":"https:\/\/www.labelfactory.eu\/fr\/wp-json\/wp\/v2\/pages\/4925"}],"wp:featuredmedia":[{"embeddable":true,"href":"https:\/\/www.labelfactory.eu\/fr\/wp-json\/wp\/v2\/media\/4938"}],"wp:attachment":[{"href":"https:\/\/www.labelfactory.eu\/fr\/wp-json\/wp\/v2\/media?parent=4936"}],"curies":[{"name":"wp","href":"https:\/\/api.w.org\/{rel}","templated":true}]}}