{"id":4945,"date":"2017-04-02T16:07:41","date_gmt":"2017-04-02T16:07:41","guid":{"rendered":"http:\/\/www.labelfactory.eu\/?page_id=4945"},"modified":"2019-05-02T16:21:49","modified_gmt":"2019-05-02T16:21:49","slug":"chimiques-et-plastiques","status":"publish","type":"page","link":"https:\/\/www.labelfactory.eu\/fr\/secteurs\/chimiques-et-plastiques\/","title":{"rendered":"Chimiques et plastiques"},"content":{"rendered":"<section class=\"av_textblock_section\"  itemscope=\"itemscope\" itemtype=\"https:\/\/schema.org\/CreativeWork\" ><div class='avia_textblock '   itemprop=\"text\" ><p>Les solutions d&rsquo;\u00e9tiquetage automatique de Label Factory, r\u00e9put\u00e9es pour leur grande robustesse et leur fiabilit\u00e9, sont con\u00e7ues pour r\u00e9sister aux conditions de travail exigeantes de l&rsquo;industrie chimique, vous permettant d&rsquo;optimiser l&rsquo;efficacit\u00e9 de vos processus de production et la rentabilit\u00e9 de vos \u00e9quipements.<\/p>\n<p>Les r\u00e9glementations exigeantes du secteur obligent \u00e0 maintenir un contr\u00f4le total des stocks, de l&rsquo;origine des mati\u00e8res premi\u00e8res et de la tra\u00e7abilit\u00e9 jusqu&rsquo;au client final.<\/p>\n<h4><\/h4>\n<h4>Exigences sp\u00e9cifiques:<\/h4>\n<ul>\n<li>R\u00e9pondre aux normes d&rsquo;identification SGH<\/li>\n<li>Conformit\u00e9 aux r\u00e9glementations en mati\u00e8re d\u2019\u00e9tiquetage de diff\u00e9rents pays.<\/li>\n<li>Placement pr\u00e9cis des \u00e9tiquettes.<\/li>\n<li>Des exigences \u00e9lev\u00e9es en termes de tra\u00e7abilit\u00e9 et d&rsquo;identification.<\/li>\n<li>Syst\u00e8mes modulaires et \u00e9volutifs.<\/li>\n<\/ul>\n<h4><\/h4>\n<h4>Besoins du secteur:<\/h4>\n<ul>\n<li>\u00c9tiquetage complexe.<\/li>\n<li>Symbologie et pictogrammes sp\u00e9cifiques.<\/li>\n<li>Identification du produit.<\/li>\n<li>Identification des fournisseurs.<\/li>\n<li>Impression des num\u00e9ros de lot.<\/li>\n<li>Impression des avertissements de s\u00e9curit\u00e9.<\/li>\n<li>Relation avec les fiches de s\u00e9curit\u00e9.<\/li>\n<li>Instructions et conseils d&rsquo;utilisation, de s\u00e9curit\u00e9 et de pr\u00e9vention.<\/li>\n<li>Impression de codes \u00e0 barres bidimensionnels.<\/li>\n<li>Contr\u00f4le de qualit\u00e9<\/li>\n<\/ul>\n<h4><\/h4>\n<h4>Produits:<\/h4>\n<ul>\n<li>Canettes, bouteilles, pulv\u00e9risateurs<\/li>\n<li>Carafes, Cubes<\/li>\n<li>Tonneaux<\/li>\n<li>Conteneurs<\/li>\n<li>Sacs<\/li>\n<li>Bo\u00eetes\/Cartons<\/li>\n<li>Palettes<\/li>\n<\/ul>\n<\/div><\/section>\n","protected":false},"excerpt":{"rendered":"","protected":false},"author":1,"featured_media":4944,"parent":4925,"menu_order":2,"comment_status":"closed","ping_status":"closed","template":"template-sector.php","meta":[],"yoast_head":"<!-- This site is optimized with the Yoast SEO plugin v21.1 - https:\/\/yoast.com\/wordpress\/plugins\/seo\/ -->\n<title>Chimiques et plastiques - Label Factory<\/title>\n<meta name=\"robots\" content=\"index, follow, max-snippet:-1, max-image-preview:large, max-video-preview:-1\" \/>\n<link rel=\"canonical\" href=\"https:\/\/www.labelfactory.eu\/fr\/secteurs\/chimiques-et-plastiques\/\" \/>\n<meta property=\"og:locale\" content=\"fr_FR\" \/>\n<meta property=\"og:type\" content=\"article\" \/>\n<meta property=\"og:title\" content=\"Chimiques et plastiques - Label Factory\" \/>\n<meta property=\"og:url\" content=\"https:\/\/www.labelfactory.eu\/fr\/secteurs\/chimiques-et-plastiques\/\" \/>\n<meta property=\"og:site_name\" content=\"Label Factory\" \/>\n<meta property=\"article:modified_time\" content=\"2019-05-02T16:21:49+00:00\" \/>\n<meta property=\"og:image\" content=\"https:\/\/www.labelfactory.eu\/wp-content\/uploads\/2017\/04\/quimico.jpg\" \/>\n\t<meta property=\"og:image:width\" content=\"1111\" \/>\n\t<meta property=\"og:image:height\" content=\"715\" \/>\n\t<meta property=\"og:image:type\" content=\"image\/jpeg\" \/>\n<meta name=\"twitter:card\" content=\"summary_large_image\" \/>\n<meta name=\"twitter:label1\" content=\"Dur\u00e9e de lecture estim\u00e9e\" \/>\n\t<meta name=\"twitter:data1\" content=\"1 minute\" \/>\n<script type=\"application\/ld+json\" class=\"yoast-schema-graph\">{\"@context\":\"https:\/\/schema.org\",\"@graph\":[{\"@type\":\"WebPage\",\"@id\":\"https:\/\/www.labelfactory.eu\/fr\/secteurs\/chimiques-et-plastiques\/\",\"url\":\"https:\/\/www.labelfactory.eu\/fr\/secteurs\/chimiques-et-plastiques\/\",\"name\":\"Chimiques et plastiques - Label Factory\",\"isPartOf\":{\"@id\":\"https:\/\/www.labelfactory.eu\/fr\/#website\"},\"datePublished\":\"2017-04-02T16:07:41+00:00\",\"dateModified\":\"2019-05-02T16:21:49+00:00\",\"breadcrumb\":{\"@id\":\"https:\/\/www.labelfactory.eu\/fr\/secteurs\/chimiques-et-plastiques\/#breadcrumb\"},\"inLanguage\":\"fr-FR\",\"potentialAction\":[{\"@type\":\"ReadAction\",\"target\":[\"https:\/\/www.labelfactory.eu\/fr\/secteurs\/chimiques-et-plastiques\/\"]}]},{\"@type\":\"BreadcrumbList\",\"@id\":\"https:\/\/www.labelfactory.eu\/fr\/secteurs\/chimiques-et-plastiques\/#breadcrumb\",\"itemListElement\":[{\"@type\":\"ListItem\",\"position\":1,\"name\":\"Portada\",\"item\":\"https:\/\/www.labelfactory.eu\/fr\/\"},{\"@type\":\"ListItem\",\"position\":2,\"name\":\"Secteurs\",\"item\":\"https:\/\/www.labelfactory.eu\/fr\/secteurs\/\"},{\"@type\":\"ListItem\",\"position\":3,\"name\":\"Chimiques et plastiques\"}]},{\"@type\":\"WebSite\",\"@id\":\"https:\/\/www.labelfactory.eu\/fr\/#website\",\"url\":\"https:\/\/www.labelfactory.eu\/fr\/\",\"name\":\"Label Factory\",\"description\":\"Equipos de etiquetado autom\u00e1tico\",\"potentialAction\":[{\"@type\":\"SearchAction\",\"target\":{\"@type\":\"EntryPoint\",\"urlTemplate\":\"https:\/\/www.labelfactory.eu\/fr\/?s={search_term_string}\"},\"query-input\":\"required name=search_term_string\"}],\"inLanguage\":\"fr-FR\"}]}<\/script>\n<!-- \/ Yoast SEO plugin. -->","yoast_head_json":{"title":"Chimiques et plastiques - Label Factory","robots":{"index":"index","follow":"follow","max-snippet":"max-snippet:-1","max-image-preview":"max-image-preview:large","max-video-preview":"max-video-preview:-1"},"canonical":"https:\/\/www.labelfactory.eu\/fr\/secteurs\/chimiques-et-plastiques\/","og_locale":"fr_FR","og_type":"article","og_title":"Chimiques et plastiques - Label Factory","og_url":"https:\/\/www.labelfactory.eu\/fr\/secteurs\/chimiques-et-plastiques\/","og_site_name":"Label Factory","article_modified_time":"2019-05-02T16:21:49+00:00","og_image":[{"width":1111,"height":715,"url":"https:\/\/www.labelfactory.eu\/wp-content\/uploads\/2017\/04\/quimico.jpg","type":"image\/jpeg"}],"twitter_card":"summary_large_image","twitter_misc":{"Dur\u00e9e de lecture estim\u00e9e":"1 minute"},"schema":{"@context":"https:\/\/schema.org","@graph":[{"@type":"WebPage","@id":"https:\/\/www.labelfactory.eu\/fr\/secteurs\/chimiques-et-plastiques\/","url":"https:\/\/www.labelfactory.eu\/fr\/secteurs\/chimiques-et-plastiques\/","name":"Chimiques et plastiques - Label Factory","isPartOf":{"@id":"https:\/\/www.labelfactory.eu\/fr\/#website"},"datePublished":"2017-04-02T16:07:41+00:00","dateModified":"2019-05-02T16:21:49+00:00","breadcrumb":{"@id":"https:\/\/www.labelfactory.eu\/fr\/secteurs\/chimiques-et-plastiques\/#breadcrumb"},"inLanguage":"fr-FR","potentialAction":[{"@type":"ReadAction","target":["https:\/\/www.labelfactory.eu\/fr\/secteurs\/chimiques-et-plastiques\/"]}]},{"@type":"BreadcrumbList","@id":"https:\/\/www.labelfactory.eu\/fr\/secteurs\/chimiques-et-plastiques\/#breadcrumb","itemListElement":[{"@type":"ListItem","position":1,"name":"Portada","item":"https:\/\/www.labelfactory.eu\/fr\/"},{"@type":"ListItem","position":2,"name":"Secteurs","item":"https:\/\/www.labelfactory.eu\/fr\/secteurs\/"},{"@type":"ListItem","position":3,"name":"Chimiques et plastiques"}]},{"@type":"WebSite","@id":"https:\/\/www.labelfactory.eu\/fr\/#website","url":"https:\/\/www.labelfactory.eu\/fr\/","name":"Label Factory","description":"Equipos de etiquetado autom\u00e1tico","potentialAction":[{"@type":"SearchAction","target":{"@type":"EntryPoint","urlTemplate":"https:\/\/www.labelfactory.eu\/fr\/?s={search_term_string}"},"query-input":"required name=search_term_string"}],"inLanguage":"fr-FR"}]}},"_links":{"self":[{"href":"https:\/\/www.labelfactory.eu\/fr\/wp-json\/wp\/v2\/pages\/4945"}],"collection":[{"href":"https:\/\/www.labelfactory.eu\/fr\/wp-json\/wp\/v2\/pages"}],"about":[{"href":"https:\/\/www.labelfactory.eu\/fr\/wp-json\/wp\/v2\/types\/page"}],"author":[{"embeddable":true,"href":"https:\/\/www.labelfactory.eu\/fr\/wp-json\/wp\/v2\/users\/1"}],"replies":[{"embeddable":true,"href":"https:\/\/www.labelfactory.eu\/fr\/wp-json\/wp\/v2\/comments?post=4945"}],"version-history":[{"count":2,"href":"https:\/\/www.labelfactory.eu\/fr\/wp-json\/wp\/v2\/pages\/4945\/revisions"}],"predecessor-version":[{"id":4947,"href":"https:\/\/www.labelfactory.eu\/fr\/wp-json\/wp\/v2\/pages\/4945\/revisions\/4947"}],"up":[{"embeddable":true,"href":"https:\/\/www.labelfactory.eu\/fr\/wp-json\/wp\/v2\/pages\/4925"}],"wp:featuredmedia":[{"embeddable":true,"href":"https:\/\/www.labelfactory.eu\/fr\/wp-json\/wp\/v2\/media\/4944"}],"wp:attachment":[{"href":"https:\/\/www.labelfactory.eu\/fr\/wp-json\/wp\/v2\/media?parent=4945"}],"curies":[{"name":"wp","href":"https:\/\/api.w.org\/{rel}","templated":true}]}}