{"id":4960,"date":"2017-04-02T16:09:00","date_gmt":"2017-04-02T16:09:00","guid":{"rendered":"http:\/\/www.labelfactory.eu\/?page_id=4960"},"modified":"2019-05-02T16:24:09","modified_gmt":"2019-05-02T16:24:09","slug":"industrie-electronique","status":"publish","type":"page","link":"https:\/\/www.labelfactory.eu\/fr\/secteurs\/industrie-electronique\/","title":{"rendered":"Industrie \u00e9lectronique"},"content":{"rendered":"<p>Label Factory propose des \u00e9quipements d&rsquo;\u00e9tiquetage avec la polyvalence dont vous avez besoin pour \u00e9tiqueter les diff\u00e9rentes gammes de composants utilis\u00e9s dans l&rsquo;industrie \u00e9lectronique.<\/p>\n<p>Dans un secteur o\u00f9 il est essentiel de maximiser la productivit\u00e9 et l&rsquo;efficacit\u00e9 des entrep\u00f4ts pour \u00eatre comp\u00e9titif, la zone d&rsquo;\u00e9tiquetage ne peut pas \u00eatre le goulot d&rsquo;\u00e9tranglement de votre cha\u00eene d&rsquo;approvisionnement. Label Factory con\u00e7oit et fabrique des \u00e9quipements permettant d&rsquo;atteindre les vitesses d&rsquo;\u00e9tiquetage les plus \u00e9lev\u00e9es, mais est \u00e9galement pr\u00eat \u00e0 int\u00e9grer les derni\u00e8res avanc\u00e9es en mati\u00e8re d&rsquo;identification par radiofr\u00e9quence et RFID.<\/p>\n<p>&nbsp;<\/p>\n<h4>Exigences sp\u00e9cifiques:<\/h4>\n<ul>\n<li>\u00c9tiquetage de haute qualit\u00e9 et de haute pr\u00e9cision<\/li>\n<li>\u00c9tiquetage \u00e0 grande vitesse sans r\u00e9duction de la vitesse de production<\/li>\n<li>Protection de la marque<\/li>\n<li>Conformit\u00e9 r\u00e9glementaire et logistique<\/li>\n<li>Impression de champ variable<\/li>\n<li>Impression de codes \u00e0 barres compatibles GS1<\/li>\n<li>Code \u00e0 barres et impression bidimensionnelle, datamatrix<\/li>\n<li>Informations pr\u00e9cises<\/li>\n<li>Syst\u00e8mes modulaires et \u00e9volutifs<\/li>\n<\/ul>\n<h4>Besoins du secteur:<\/h4>\n<ul>\n<li>\u00c9tiquetage r\u00e9sistant aux solvants<\/li>\n<li>\u00c9tiquetage r\u00e9sistant \u00e0 la temp\u00e9rature<\/li>\n<li>Impression ind\u00e9l\u00e9bile<\/li>\n<\/ul>\n<h4>Produits:<\/h4>\n<ul>\n<li>Composants m\u00e9talliques, plastiques, c\u00e9ramiques<\/li>\n<li>Circuits imprim\u00e9s<\/li>\n<li>Rev\u00eatements plastiques<\/li>\n<li>Plastiques rigides<\/li>\n<li>Emballage<\/li>\n<li>Bo\u00eetes\/Cartons<\/li>\n<li>Palettes<\/li>\n<\/ul>\n<p class=\"p1\">\n","protected":false},"excerpt":{"rendered":"<p>Label Factory propose des \u00e9quipements d&rsquo;\u00e9tiquetage avec la polyvalence dont vous avez besoin pour \u00e9tiqueter les diff\u00e9rentes gammes de composants utilis\u00e9s dans l&rsquo;industrie \u00e9lectronique. Dans un secteur o\u00f9 il est essentiel de maximiser la productivit\u00e9 et l&rsquo;efficacit\u00e9 des entrep\u00f4ts pour \u00eatre comp\u00e9titif, la zone d&rsquo;\u00e9tiquetage ne peut pas \u00eatre le goulot d&rsquo;\u00e9tranglement de votre cha\u00eene [&hellip;]<\/p>\n","protected":false},"author":1,"featured_media":4959,"parent":4925,"menu_order":5,"comment_status":"closed","ping_status":"closed","template":"template-sector.php","meta":[],"yoast_head":"<!-- This site is optimized with the Yoast SEO plugin v21.1 - https:\/\/yoast.com\/wordpress\/plugins\/seo\/ -->\n<title>Industrie \u00e9lectronique - Label Factory<\/title>\n<meta name=\"robots\" content=\"index, follow, max-snippet:-1, max-image-preview:large, max-video-preview:-1\" \/>\n<link rel=\"canonical\" href=\"https:\/\/www.labelfactory.eu\/fr\/secteurs\/industrie-electronique\/\" \/>\n<meta property=\"og:locale\" content=\"fr_FR\" \/>\n<meta property=\"og:type\" content=\"article\" \/>\n<meta property=\"og:title\" content=\"Industrie \u00e9lectronique - Label Factory\" \/>\n<meta property=\"og:description\" content=\"Label Factory propose des \u00e9quipements d&rsquo;\u00e9tiquetage avec la polyvalence dont vous avez besoin pour \u00e9tiqueter les diff\u00e9rentes gammes de composants utilis\u00e9s dans l&rsquo;industrie \u00e9lectronique. Dans un secteur o\u00f9 il est essentiel de maximiser la productivit\u00e9 et l&rsquo;efficacit\u00e9 des entrep\u00f4ts pour \u00eatre comp\u00e9titif, la zone d&rsquo;\u00e9tiquetage ne peut pas \u00eatre le goulot d&rsquo;\u00e9tranglement de votre cha\u00eene [&hellip;]\" \/>\n<meta property=\"og:url\" content=\"https:\/\/www.labelfactory.eu\/fr\/secteurs\/industrie-electronique\/\" \/>\n<meta property=\"og:site_name\" content=\"Label Factory\" \/>\n<meta property=\"article:modified_time\" content=\"2019-05-02T16:24:09+00:00\" \/>\n<meta property=\"og:image\" content=\"https:\/\/www.labelfactory.eu\/wp-content\/uploads\/2017\/04\/electronica.jpg\" \/>\n\t<meta property=\"og:image:width\" content=\"904\" \/>\n\t<meta property=\"og:image:height\" content=\"677\" \/>\n\t<meta property=\"og:image:type\" content=\"image\/jpeg\" \/>\n<meta name=\"twitter:card\" content=\"summary_large_image\" \/>\n<meta name=\"twitter:label1\" content=\"Dur\u00e9e de lecture estim\u00e9e\" \/>\n\t<meta name=\"twitter:data1\" content=\"1 minute\" \/>\n<script type=\"application\/ld+json\" class=\"yoast-schema-graph\">{\"@context\":\"https:\/\/schema.org\",\"@graph\":[{\"@type\":\"WebPage\",\"@id\":\"https:\/\/www.labelfactory.eu\/fr\/secteurs\/industrie-electronique\/\",\"url\":\"https:\/\/www.labelfactory.eu\/fr\/secteurs\/industrie-electronique\/\",\"name\":\"Industrie \u00e9lectronique - Label Factory\",\"isPartOf\":{\"@id\":\"https:\/\/www.labelfactory.eu\/fr\/#website\"},\"datePublished\":\"2017-04-02T16:09:00+00:00\",\"dateModified\":\"2019-05-02T16:24:09+00:00\",\"breadcrumb\":{\"@id\":\"https:\/\/www.labelfactory.eu\/fr\/secteurs\/industrie-electronique\/#breadcrumb\"},\"inLanguage\":\"fr-FR\",\"potentialAction\":[{\"@type\":\"ReadAction\",\"target\":[\"https:\/\/www.labelfactory.eu\/fr\/secteurs\/industrie-electronique\/\"]}]},{\"@type\":\"BreadcrumbList\",\"@id\":\"https:\/\/www.labelfactory.eu\/fr\/secteurs\/industrie-electronique\/#breadcrumb\",\"itemListElement\":[{\"@type\":\"ListItem\",\"position\":1,\"name\":\"Portada\",\"item\":\"https:\/\/www.labelfactory.eu\/fr\/\"},{\"@type\":\"ListItem\",\"position\":2,\"name\":\"Secteurs\",\"item\":\"https:\/\/www.labelfactory.eu\/fr\/secteurs\/\"},{\"@type\":\"ListItem\",\"position\":3,\"name\":\"Industrie \u00e9lectronique\"}]},{\"@type\":\"WebSite\",\"@id\":\"https:\/\/www.labelfactory.eu\/fr\/#website\",\"url\":\"https:\/\/www.labelfactory.eu\/fr\/\",\"name\":\"Label Factory\",\"description\":\"Equipos de etiquetado autom\u00e1tico\",\"potentialAction\":[{\"@type\":\"SearchAction\",\"target\":{\"@type\":\"EntryPoint\",\"urlTemplate\":\"https:\/\/www.labelfactory.eu\/fr\/?s={search_term_string}\"},\"query-input\":\"required name=search_term_string\"}],\"inLanguage\":\"fr-FR\"}]}<\/script>\n<!-- \/ Yoast SEO plugin. -->","yoast_head_json":{"title":"Industrie \u00e9lectronique - Label Factory","robots":{"index":"index","follow":"follow","max-snippet":"max-snippet:-1","max-image-preview":"max-image-preview:large","max-video-preview":"max-video-preview:-1"},"canonical":"https:\/\/www.labelfactory.eu\/fr\/secteurs\/industrie-electronique\/","og_locale":"fr_FR","og_type":"article","og_title":"Industrie \u00e9lectronique - Label Factory","og_description":"Label Factory propose des \u00e9quipements d&rsquo;\u00e9tiquetage avec la polyvalence dont vous avez besoin pour \u00e9tiqueter les diff\u00e9rentes gammes de composants utilis\u00e9s dans l&rsquo;industrie \u00e9lectronique. Dans un secteur o\u00f9 il est essentiel de maximiser la productivit\u00e9 et l&rsquo;efficacit\u00e9 des entrep\u00f4ts pour \u00eatre comp\u00e9titif, la zone d&rsquo;\u00e9tiquetage ne peut pas \u00eatre le goulot d&rsquo;\u00e9tranglement de votre cha\u00eene [&hellip;]","og_url":"https:\/\/www.labelfactory.eu\/fr\/secteurs\/industrie-electronique\/","og_site_name":"Label Factory","article_modified_time":"2019-05-02T16:24:09+00:00","og_image":[{"width":904,"height":677,"url":"https:\/\/www.labelfactory.eu\/wp-content\/uploads\/2017\/04\/electronica.jpg","type":"image\/jpeg"}],"twitter_card":"summary_large_image","twitter_misc":{"Dur\u00e9e de lecture estim\u00e9e":"1 minute"},"schema":{"@context":"https:\/\/schema.org","@graph":[{"@type":"WebPage","@id":"https:\/\/www.labelfactory.eu\/fr\/secteurs\/industrie-electronique\/","url":"https:\/\/www.labelfactory.eu\/fr\/secteurs\/industrie-electronique\/","name":"Industrie \u00e9lectronique - Label Factory","isPartOf":{"@id":"https:\/\/www.labelfactory.eu\/fr\/#website"},"datePublished":"2017-04-02T16:09:00+00:00","dateModified":"2019-05-02T16:24:09+00:00","breadcrumb":{"@id":"https:\/\/www.labelfactory.eu\/fr\/secteurs\/industrie-electronique\/#breadcrumb"},"inLanguage":"fr-FR","potentialAction":[{"@type":"ReadAction","target":["https:\/\/www.labelfactory.eu\/fr\/secteurs\/industrie-electronique\/"]}]},{"@type":"BreadcrumbList","@id":"https:\/\/www.labelfactory.eu\/fr\/secteurs\/industrie-electronique\/#breadcrumb","itemListElement":[{"@type":"ListItem","position":1,"name":"Portada","item":"https:\/\/www.labelfactory.eu\/fr\/"},{"@type":"ListItem","position":2,"name":"Secteurs","item":"https:\/\/www.labelfactory.eu\/fr\/secteurs\/"},{"@type":"ListItem","position":3,"name":"Industrie \u00e9lectronique"}]},{"@type":"WebSite","@id":"https:\/\/www.labelfactory.eu\/fr\/#website","url":"https:\/\/www.labelfactory.eu\/fr\/","name":"Label Factory","description":"Equipos de etiquetado autom\u00e1tico","potentialAction":[{"@type":"SearchAction","target":{"@type":"EntryPoint","urlTemplate":"https:\/\/www.labelfactory.eu\/fr\/?s={search_term_string}"},"query-input":"required name=search_term_string"}],"inLanguage":"fr-FR"}]}},"_links":{"self":[{"href":"https:\/\/www.labelfactory.eu\/fr\/wp-json\/wp\/v2\/pages\/4960"}],"collection":[{"href":"https:\/\/www.labelfactory.eu\/fr\/wp-json\/wp\/v2\/pages"}],"about":[{"href":"https:\/\/www.labelfactory.eu\/fr\/wp-json\/wp\/v2\/types\/page"}],"author":[{"embeddable":true,"href":"https:\/\/www.labelfactory.eu\/fr\/wp-json\/wp\/v2\/users\/1"}],"replies":[{"embeddable":true,"href":"https:\/\/www.labelfactory.eu\/fr\/wp-json\/wp\/v2\/comments?post=4960"}],"version-history":[{"count":2,"href":"https:\/\/www.labelfactory.eu\/fr\/wp-json\/wp\/v2\/pages\/4960\/revisions"}],"predecessor-version":[{"id":4962,"href":"https:\/\/www.labelfactory.eu\/fr\/wp-json\/wp\/v2\/pages\/4960\/revisions\/4962"}],"up":[{"embeddable":true,"href":"https:\/\/www.labelfactory.eu\/fr\/wp-json\/wp\/v2\/pages\/4925"}],"wp:featuredmedia":[{"embeddable":true,"href":"https:\/\/www.labelfactory.eu\/fr\/wp-json\/wp\/v2\/media\/4959"}],"wp:attachment":[{"href":"https:\/\/www.labelfactory.eu\/fr\/wp-json\/wp\/v2\/media?parent=4960"}],"curies":[{"name":"wp","href":"https:\/\/api.w.org\/{rel}","templated":true}]}}