{"id":4970,"date":"2017-04-02T16:09:40","date_gmt":"2017-04-02T16:09:40","guid":{"rendered":"http:\/\/www.labelfactory.eu\/?page_id=4970"},"modified":"2019-05-02T16:25:45","modified_gmt":"2019-05-02T16:25:45","slug":"autres-industries","status":"publish","type":"page","link":"https:\/\/www.labelfactory.eu\/fr\/secteurs\/autres-industries\/","title":{"rendered":"Autres industries"},"content":{"rendered":"<p>Nos sp\u00e9cialistes con\u00e7oivent et fabriquent des syst\u00e8mes d&rsquo;\u00e9tiquetage personnalis\u00e9s pour toutes les industries.<\/p>\n<p>Environnements exigeants, salles blanches, zones ATEX, produits \u00e0 haute temp\u00e9rature ; Nos syst\u00e8mes d\u2019impression et d\u2019application en temps r\u00e9el sont d\u00e9velopp\u00e9s en fonction du produit, des \u00e9tiquettes dont ils ont besoin et de leur position. Pour cela, nous fabriquons notre \u00e9quipement d\u2019\u00e9tiquetage avec des composants de la plus haute qualit\u00e9, robustesse et fiabilit\u00e9, afin de nous assurer quelles que soient les conditions de travail de l\u2019\u00e9quipement nous allons maximiser sa dur\u00e9e de vie utile et sa rentabilit\u00e9.<\/p>\n<p>&nbsp;<\/p>\n<h4><strong>Exigences sp\u00e9cifiques<\/strong>:<\/h4>\n<ul>\n<li>Conformit\u00e9 aux exigences et r\u00e9glementations de divers secteurs.<\/li>\n<li>Identification des produits.<\/li>\n<li>Inclusion de la technologie RFiD.<\/li>\n<li>Augmenter la vitesse de production.<\/li>\n<\/ul>\n<p>&nbsp;<\/p>\n<h4>Besoins du secteur:<\/h4>\n<ul>\n<li>Nous nous adaptons aux besoins de votre industrie<\/li>\n<li>Fonderies<\/li>\n<li>Industries du bois<\/li>\n<li>Distribution et commerce<\/li>\n<li>Industries extractives<\/li>\n<li>Industrie du papier<\/li>\n<li>Production agricole et \u00e9levage<\/li>\n<li>Industrie manufacturi\u00e8re<\/li>\n<li>Industries de la construction<\/li>\n<li>Activit\u00e9s scientifiques et de recherche<\/li>\n<\/ul>\n<p>&nbsp;<\/p>\n<h4>Produits:<\/h4>\n<ul>\n<li>Produits m\u00e9talliques<\/li>\n<li>Emballage en bois<\/li>\n<li>Emballage en carton ou en papier<\/li>\n<li>Plastiques<\/li>\n<li>Flacons, bouteilles, tubes<\/li>\n<li>Sacs<\/li>\n<li>Bo\u00eetes\/Cartons<\/li>\n<li>Packs<\/li>\n<li>Palettes<\/li>\n<\/ul>\n","protected":false},"excerpt":{"rendered":"<p>Nos sp\u00e9cialistes con\u00e7oivent et fabriquent des syst\u00e8mes d&rsquo;\u00e9tiquetage personnalis\u00e9s pour toutes les industries. Environnements exigeants, salles blanches, zones ATEX, produits \u00e0 haute temp\u00e9rature ; Nos syst\u00e8mes d\u2019impression et d\u2019application en temps r\u00e9el sont d\u00e9velopp\u00e9s en fonction du produit, des \u00e9tiquettes dont ils ont besoin et de leur position. Pour cela, nous fabriquons notre \u00e9quipement d\u2019\u00e9tiquetage [&hellip;]<\/p>\n","protected":false},"author":1,"featured_media":4969,"parent":4925,"menu_order":7,"comment_status":"closed","ping_status":"closed","template":"template-sector.php","meta":[],"yoast_head":"<!-- This site is optimized with the Yoast SEO plugin v21.1 - https:\/\/yoast.com\/wordpress\/plugins\/seo\/ -->\n<title>Autres industries - Label Factory<\/title>\n<meta name=\"robots\" content=\"index, follow, max-snippet:-1, max-image-preview:large, max-video-preview:-1\" \/>\n<link rel=\"canonical\" href=\"https:\/\/www.labelfactory.eu\/fr\/secteurs\/autres-industries\/\" \/>\n<meta property=\"og:locale\" content=\"fr_FR\" \/>\n<meta property=\"og:type\" content=\"article\" \/>\n<meta property=\"og:title\" content=\"Autres industries - Label Factory\" \/>\n<meta property=\"og:description\" content=\"Nos sp\u00e9cialistes con\u00e7oivent et fabriquent des syst\u00e8mes d&rsquo;\u00e9tiquetage personnalis\u00e9s pour toutes les industries. Environnements exigeants, salles blanches, zones ATEX, produits \u00e0 haute temp\u00e9rature ; Nos syst\u00e8mes d\u2019impression et d\u2019application en temps r\u00e9el sont d\u00e9velopp\u00e9s en fonction du produit, des \u00e9tiquettes dont ils ont besoin et de leur position. Pour cela, nous fabriquons notre \u00e9quipement d\u2019\u00e9tiquetage [&hellip;]\" \/>\n<meta property=\"og:url\" content=\"https:\/\/www.labelfactory.eu\/fr\/secteurs\/autres-industries\/\" \/>\n<meta property=\"og:site_name\" content=\"Label Factory\" \/>\n<meta property=\"article:modified_time\" content=\"2019-05-02T16:25:45+00:00\" \/>\n<meta property=\"og:image\" content=\"https:\/\/www.labelfactory.eu\/wp-content\/uploads\/2017\/04\/otras-barcode.jpg\" \/>\n\t<meta property=\"og:image:width\" content=\"888\" \/>\n\t<meta property=\"og:image:height\" content=\"592\" \/>\n\t<meta property=\"og:image:type\" content=\"image\/jpeg\" \/>\n<meta name=\"twitter:card\" content=\"summary_large_image\" \/>\n<meta name=\"twitter:label1\" content=\"Dur\u00e9e de lecture estim\u00e9e\" \/>\n\t<meta name=\"twitter:data1\" content=\"1 minute\" \/>\n<script type=\"application\/ld+json\" class=\"yoast-schema-graph\">{\"@context\":\"https:\/\/schema.org\",\"@graph\":[{\"@type\":\"WebPage\",\"@id\":\"https:\/\/www.labelfactory.eu\/fr\/secteurs\/autres-industries\/\",\"url\":\"https:\/\/www.labelfactory.eu\/fr\/secteurs\/autres-industries\/\",\"name\":\"Autres industries - Label Factory\",\"isPartOf\":{\"@id\":\"https:\/\/www.labelfactory.eu\/fr\/#website\"},\"datePublished\":\"2017-04-02T16:09:40+00:00\",\"dateModified\":\"2019-05-02T16:25:45+00:00\",\"breadcrumb\":{\"@id\":\"https:\/\/www.labelfactory.eu\/fr\/secteurs\/autres-industries\/#breadcrumb\"},\"inLanguage\":\"fr-FR\",\"potentialAction\":[{\"@type\":\"ReadAction\",\"target\":[\"https:\/\/www.labelfactory.eu\/fr\/secteurs\/autres-industries\/\"]}]},{\"@type\":\"BreadcrumbList\",\"@id\":\"https:\/\/www.labelfactory.eu\/fr\/secteurs\/autres-industries\/#breadcrumb\",\"itemListElement\":[{\"@type\":\"ListItem\",\"position\":1,\"name\":\"Portada\",\"item\":\"https:\/\/www.labelfactory.eu\/fr\/\"},{\"@type\":\"ListItem\",\"position\":2,\"name\":\"Secteurs\",\"item\":\"https:\/\/www.labelfactory.eu\/fr\/secteurs\/\"},{\"@type\":\"ListItem\",\"position\":3,\"name\":\"Autres industries\"}]},{\"@type\":\"WebSite\",\"@id\":\"https:\/\/www.labelfactory.eu\/fr\/#website\",\"url\":\"https:\/\/www.labelfactory.eu\/fr\/\",\"name\":\"Label Factory\",\"description\":\"Equipos de etiquetado autom\u00e1tico\",\"potentialAction\":[{\"@type\":\"SearchAction\",\"target\":{\"@type\":\"EntryPoint\",\"urlTemplate\":\"https:\/\/www.labelfactory.eu\/fr\/?s={search_term_string}\"},\"query-input\":\"required name=search_term_string\"}],\"inLanguage\":\"fr-FR\"}]}<\/script>\n<!-- \/ Yoast SEO plugin. -->","yoast_head_json":{"title":"Autres industries - Label Factory","robots":{"index":"index","follow":"follow","max-snippet":"max-snippet:-1","max-image-preview":"max-image-preview:large","max-video-preview":"max-video-preview:-1"},"canonical":"https:\/\/www.labelfactory.eu\/fr\/secteurs\/autres-industries\/","og_locale":"fr_FR","og_type":"article","og_title":"Autres industries - Label Factory","og_description":"Nos sp\u00e9cialistes con\u00e7oivent et fabriquent des syst\u00e8mes d&rsquo;\u00e9tiquetage personnalis\u00e9s pour toutes les industries. Environnements exigeants, salles blanches, zones ATEX, produits \u00e0 haute temp\u00e9rature ; Nos syst\u00e8mes d\u2019impression et d\u2019application en temps r\u00e9el sont d\u00e9velopp\u00e9s en fonction du produit, des \u00e9tiquettes dont ils ont besoin et de leur position. Pour cela, nous fabriquons notre \u00e9quipement d\u2019\u00e9tiquetage [&hellip;]","og_url":"https:\/\/www.labelfactory.eu\/fr\/secteurs\/autres-industries\/","og_site_name":"Label Factory","article_modified_time":"2019-05-02T16:25:45+00:00","og_image":[{"width":888,"height":592,"url":"https:\/\/www.labelfactory.eu\/wp-content\/uploads\/2017\/04\/otras-barcode.jpg","type":"image\/jpeg"}],"twitter_card":"summary_large_image","twitter_misc":{"Dur\u00e9e de lecture estim\u00e9e":"1 minute"},"schema":{"@context":"https:\/\/schema.org","@graph":[{"@type":"WebPage","@id":"https:\/\/www.labelfactory.eu\/fr\/secteurs\/autres-industries\/","url":"https:\/\/www.labelfactory.eu\/fr\/secteurs\/autres-industries\/","name":"Autres industries - Label Factory","isPartOf":{"@id":"https:\/\/www.labelfactory.eu\/fr\/#website"},"datePublished":"2017-04-02T16:09:40+00:00","dateModified":"2019-05-02T16:25:45+00:00","breadcrumb":{"@id":"https:\/\/www.labelfactory.eu\/fr\/secteurs\/autres-industries\/#breadcrumb"},"inLanguage":"fr-FR","potentialAction":[{"@type":"ReadAction","target":["https:\/\/www.labelfactory.eu\/fr\/secteurs\/autres-industries\/"]}]},{"@type":"BreadcrumbList","@id":"https:\/\/www.labelfactory.eu\/fr\/secteurs\/autres-industries\/#breadcrumb","itemListElement":[{"@type":"ListItem","position":1,"name":"Portada","item":"https:\/\/www.labelfactory.eu\/fr\/"},{"@type":"ListItem","position":2,"name":"Secteurs","item":"https:\/\/www.labelfactory.eu\/fr\/secteurs\/"},{"@type":"ListItem","position":3,"name":"Autres industries"}]},{"@type":"WebSite","@id":"https:\/\/www.labelfactory.eu\/fr\/#website","url":"https:\/\/www.labelfactory.eu\/fr\/","name":"Label Factory","description":"Equipos de etiquetado autom\u00e1tico","potentialAction":[{"@type":"SearchAction","target":{"@type":"EntryPoint","urlTemplate":"https:\/\/www.labelfactory.eu\/fr\/?s={search_term_string}"},"query-input":"required name=search_term_string"}],"inLanguage":"fr-FR"}]}},"_links":{"self":[{"href":"https:\/\/www.labelfactory.eu\/fr\/wp-json\/wp\/v2\/pages\/4970"}],"collection":[{"href":"https:\/\/www.labelfactory.eu\/fr\/wp-json\/wp\/v2\/pages"}],"about":[{"href":"https:\/\/www.labelfactory.eu\/fr\/wp-json\/wp\/v2\/types\/page"}],"author":[{"embeddable":true,"href":"https:\/\/www.labelfactory.eu\/fr\/wp-json\/wp\/v2\/users\/1"}],"replies":[{"embeddable":true,"href":"https:\/\/www.labelfactory.eu\/fr\/wp-json\/wp\/v2\/comments?post=4970"}],"version-history":[{"count":3,"href":"https:\/\/www.labelfactory.eu\/fr\/wp-json\/wp\/v2\/pages\/4970\/revisions"}],"predecessor-version":[{"id":4974,"href":"https:\/\/www.labelfactory.eu\/fr\/wp-json\/wp\/v2\/pages\/4970\/revisions\/4974"}],"up":[{"embeddable":true,"href":"https:\/\/www.labelfactory.eu\/fr\/wp-json\/wp\/v2\/pages\/4925"}],"wp:featuredmedia":[{"embeddable":true,"href":"https:\/\/www.labelfactory.eu\/fr\/wp-json\/wp\/v2\/media\/4969"}],"wp:attachment":[{"href":"https:\/\/www.labelfactory.eu\/fr\/wp-json\/wp\/v2\/media?parent=4970"}],"curies":[{"name":"wp","href":"https:\/\/api.w.org\/{rel}","templated":true}]}}