{"id":5000,"date":"2017-04-25T23:00:54","date_gmt":"2017-04-25T23:00:54","guid":{"rendered":"http:\/\/www.labelfactory.eu\/?page_id=5000"},"modified":"2019-05-02T15:28:07","modified_gmt":"2019-05-02T15:28:07","slug":"developpements-sur-mesure","status":"publish","type":"page","link":"https:\/\/www.labelfactory.eu\/fr\/developpements-sur-mesure\/","title":{"rendered":"D\u00e9veloppements sur mesure"},"content":{"rendered":"<\/div><\/div><\/div><!-- close content main div --><\/div><\/div><div id='av_section_1' class='avia-section main_color avia-section-default avia-no-border-styling av-parallax-section avia-bg-style-parallax  av-minimum-height av-minimum-height-custom container_wrap sidebar_left'  data-section-bg-repeat='no-repeat' ><div class='av-parallax' data-avia-parallax-ratio='0.3' ><div class='av-parallax-inner main_color  avia-full-stretch' style = 'background-repeat: no-repeat; background-image: url(https:\/\/www.labelfactory.eu\/wp-content\/uploads\/2017\/04\/custom.jpg); background-attachment: scroll; background-position: top left; ' ><\/div><\/div><div class='container' style='height:500px'><div class='template-page content  av-content-small units'><div class='post-entry post-entry-type-page post-entry-5000'><div class='entry-content-wrapper clearfix'><\/div><\/div><\/div><!-- close content main div --><\/div><\/div><div id='after_section_1' class='main_color av_default_container_wrap container_wrap sidebar_left'   ><div class='container' ><div class='template-page content  av-content-small units'><div class='post-entry post-entry-type-page post-entry-5000'><div class='entry-content-wrapper clearfix'>\n<\/div><\/div><\/div><!-- close content main div --><\/div><\/div><div id='av_section_2' class='avia-section main_color avia-section-large avia-no-border-styling avia-bg-style-scroll  container_wrap sidebar_left'   ><div class='container' ><div class='template-page content  av-content-small units'><div class='post-entry post-entry-type-page post-entry-5000'><div class='entry-content-wrapper clearfix'>\n<div style='padding-bottom:20px;font-size:40px;' class='av-special-heading av-special-heading-h1  blockquote modern-quote  av-inherit-size'><h1 class='av-special-heading-tag'  itemprop=\"headline\"  >D\u00e9veloppements sur mesure<\/h1><div class='special-heading-border'><div class='special-heading-inner-border' ><\/div><\/div><\/div>\n<div style=' margin-top:10px; margin-bottom:10px;'  class='hr hr-custom hr-left hr-icon-no '><span class='hr-inner   inner-border-av-border-fat' style=' width:50px; border-color:#000000;' ><span class='hr-inner-style'><\/span><\/span><\/div>\n<div class=\"flex_column av_one_half  flex_column_div av-zero-column-padding first  \" style='border-radius:0px; '><section class=\"av_textblock_section\"  itemscope=\"itemscope\" itemtype=\"https:\/\/schema.org\/CreativeWork\" ><div class='avia_textblock '   itemprop=\"text\" ><p class=\"p1\">Label Factory, en tant que sp\u00e9cialiste de l&rsquo;\u00e9tiquetage automatique, peut vous proposer la solution adapt\u00e9e \u00e0 vos besoins, avec des \u00e9quipements standard ou des solutions personnalis\u00e9es et cl\u00e9 en main.<\/p>\n<h4 class=\"p1\">D\u00e9veloppements sur mesure du d\u00e9but \u00e0 la fin<\/h4>\n<p class=\"p1\">Nous concevons des \u00e9quipements d\u2019\u00e9tiquetage sur mesure, en prenant en charge, en \u00e9troite collaboration avec nos clients, l\u2019ensemble du processus, de la d\u00e9finition du cahier des charges \u00e0 l\u2019installation et \u00e0 la maintenance de l\u2019\u00e9quipement. Notre \u00e9quipement est facilement install\u00e9 dans les lignes de production.<\/p>\n<p class=\"p1\">Il existe d&rsquo;innombrables variables qui affectent l&rsquo;\u00e9tiquetage de vos produits, les vitesses et les volumes de production, la forme de l&#8217;emballage de votre produit, sa d\u00e9licatesse, les temp\u00e9ratures de travail, l&rsquo;espace disponible dans votre cha\u00eene de production, les r\u00e9glementations de tra\u00e7abilit\u00e9, les r\u00e9glementations environnementales et risques professionnels. Nos experts seront en mesure de vous conseiller \u00e0 tout moment pour trouver le mat\u00e9riel le mieux adapt\u00e9 \u00e0 vos besoins, ce qui vous permettra de gagner du temps d&rsquo;installation et de formation.<\/p>\n<\/div><\/section><br \/>\n<div style='height:30px' class='hr hr-invisible '><span class='hr-inner ' ><span class='hr-inner-style'><\/span><\/span><\/div><\/p><\/div><div class=\"flex_column av_one_half  flex_column_div av-zero-column-padding   \" style='border-radius:0px; '><p><section class=\"av_textblock_section\"  itemscope=\"itemscope\" itemtype=\"https:\/\/schema.org\/CreativeWork\" ><div class='avia_textblock '   itemprop=\"text\" ><p>Les possibilit\u00e9s d&rsquo;impression et d&rsquo;application des \u00e9tiquettes sont multiples et aussi vari\u00e9es que les industries et les produits existent. L&rsquo;\u00e9quipe d&rsquo;ing\u00e9nieurs exp\u00e9riment\u00e9e de Label Factory peut traiter avec succ\u00e8s les besoins personnalis\u00e9s d&rsquo;impression et d&rsquo;\u00e9tiquetage, en concevant en collaboration avec nos clients des configurations et des fonctionnalit\u00e9s qui r\u00e9pondent \u00e0 toutes leurs sp\u00e9cifications.<\/p>\n<p class=\"p1\"><span class=\"s1\">Notre d\u00e9partement d&rsquo;ing\u00e9nierie a d\u00e9velopp\u00e9 avec succ\u00e8s des \u00e9quipements adapt\u00e9s aux besoins de chaque client. Contactez nos sp\u00e9cialistes, ils vous conseilleront et vous accompagneront pour construire la solution la plus adapt\u00e9e \u00e0 vos besoins.<\/span><\/p>\n<\/div><\/section><br \/>\n<div style='height:30px' class='hr hr-invisible '><span class='hr-inner ' ><span class='hr-inner-style'><\/span><\/span><\/div><br \/>\n<div class='avia-button-wrap avia-button-left '><a href='http:\/\/www.labelfactory.eu\/contacto\/' class='avia-button  avia-icon_select-no avia-color-theme-color avia-size-large avia-position-left '   ><span class='avia_iconbox_title' >Cont\u00e1ctenos<\/span><\/a><\/div><\/p><\/div><\/div><\/div><\/div><!-- close content main div --><\/div><\/div><div id='after_section_2' class='main_color av_default_container_wrap container_wrap sidebar_left'   ><div class='container' ><div class='template-page content  av-content-small units'><div class='post-entry post-entry-type-page post-entry-5000'><div class='entry-content-wrapper clearfix'><\/div><\/div><\/div><!-- close content main div --><\/div><\/div><div id='av_section_3' class='avia-section main_color avia-section-huge avia-no-border-styling avia-full-stretch av-section-color-overlay-active avia-bg-style-fixed  container_wrap sidebar_left' style = 'background-repeat: no-repeat; background-image: url(https:\/\/www.labelfactory.eu\/wp-content\/uploads\/2017\/04\/custom.jpg); background-attachment: fixed; background-position: top center; ' data-section-bg-repeat='stretch' ><div class='av-section-color-overlay-wrap'><div class='av-section-color-overlay' style='opacity: 0.8; background-color: #35383c; '><\/div><div class='container' ><div class='template-page content  av-content-small units'><div class='post-entry post-entry-type-page post-entry-5000'><div class='entry-content-wrapper clearfix'>\n<div class=\"flex_column av_one_fifth  flex_column_div av-zero-column-padding first  \" style='border-radius:0px; '><\/div><div class=\"flex_column av_three_fifth  flex_column_div av-zero-column-padding   \" style='border-radius:0px; '><p><div style='padding-bottom:20px;color:#ffffff;font-size:30px;' class='av-special-heading av-special-heading-h2 custom-color-heading blockquote modern-quote modern-centered  av-inherit-size'><h2 class='av-special-heading-tag'  itemprop=\"headline\"  >contactez nous. Nous vous guiderons sur le bon chemin<\/h2><div class='special-heading-border'><div class='special-heading-inner-border' style='border-color:#ffffff'><\/div><\/div><\/div><br \/>\n<section class=\"av_textblock_section\"  itemscope=\"itemscope\" itemtype=\"https:\/\/schema.org\/CreativeWork\" ><div class='avia_textblock  av_inherit_color'  style='color:#ffffff; '  itemprop=\"text\" ><p class=\"p1\" style=\"text-align: center;\"><span class=\"s1\">Nos sp\u00e9cialistes vous conseilleront pour trouver la solution la mieux adapt\u00e9e \u00e0 vos besoins en automatisation de l&rsquo;\u00e9tiquetage et de la tra\u00e7abilit\u00e9.<\/span><\/p>\n<\/div><\/section><\/p><\/div><div class=\"flex_column av_one_fifth  flex_column_div av-zero-column-padding   \" style='border-radius:0px; '><\/div><\/div><\/div><\/div><!-- close content main div --><\/div><\/div><\/div><div id='after_section_3' class='main_color av_default_container_wrap container_wrap sidebar_left'   ><div class='container' ><div class='template-page content  av-content-small units'><div class='post-entry post-entry-type-page post-entry-5000'><div class='entry-content-wrapper clearfix'><\/p>\n","protected":false},"excerpt":{"rendered":"","protected":false},"author":1,"featured_media":0,"parent":0,"menu_order":0,"comment_status":"closed","ping_status":"closed","template":"template-empresa.php","meta":[],"yoast_head":"<!-- This site is optimized with the Yoast SEO plugin v21.1 - https:\/\/yoast.com\/wordpress\/plugins\/seo\/ -->\n<title>D\u00e9veloppements sur mesure - Label Factory<\/title>\n<meta name=\"robots\" content=\"index, follow, max-snippet:-1, max-image-preview:large, max-video-preview:-1\" \/>\n<link rel=\"canonical\" href=\"https:\/\/www.labelfactory.eu\/fr\/developpements-sur-mesure\/\" \/>\n<meta property=\"og:locale\" content=\"fr_FR\" \/>\n<meta property=\"og:type\" content=\"article\" \/>\n<meta property=\"og:title\" content=\"D\u00e9veloppements sur mesure - Label Factory\" \/>\n<meta property=\"og:url\" content=\"https:\/\/www.labelfactory.eu\/fr\/developpements-sur-mesure\/\" \/>\n<meta property=\"og:site_name\" content=\"Label Factory\" \/>\n<meta property=\"article:modified_time\" content=\"2019-05-02T15:28:07+00:00\" \/>\n<meta name=\"twitter:card\" content=\"summary_large_image\" \/>\n<meta name=\"twitter:label1\" content=\"Dur\u00e9e de lecture estim\u00e9e\" \/>\n\t<meta name=\"twitter:data1\" content=\"6 minutes\" \/>\n<script type=\"application\/ld+json\" class=\"yoast-schema-graph\">{\"@context\":\"https:\/\/schema.org\",\"@graph\":[{\"@type\":\"WebPage\",\"@id\":\"https:\/\/www.labelfactory.eu\/fr\/developpements-sur-mesure\/\",\"url\":\"https:\/\/www.labelfactory.eu\/fr\/developpements-sur-mesure\/\",\"name\":\"D\u00e9veloppements sur mesure - Label Factory\",\"isPartOf\":{\"@id\":\"https:\/\/www.labelfactory.eu\/fr\/#website\"},\"datePublished\":\"2017-04-25T23:00:54+00:00\",\"dateModified\":\"2019-05-02T15:28:07+00:00\",\"breadcrumb\":{\"@id\":\"https:\/\/www.labelfactory.eu\/fr\/developpements-sur-mesure\/#breadcrumb\"},\"inLanguage\":\"fr-FR\",\"potentialAction\":[{\"@type\":\"ReadAction\",\"target\":[\"https:\/\/www.labelfactory.eu\/fr\/developpements-sur-mesure\/\"]}]},{\"@type\":\"BreadcrumbList\",\"@id\":\"https:\/\/www.labelfactory.eu\/fr\/developpements-sur-mesure\/#breadcrumb\",\"itemListElement\":[{\"@type\":\"ListItem\",\"position\":1,\"name\":\"Portada\",\"item\":\"https:\/\/www.labelfactory.eu\/fr\/\"},{\"@type\":\"ListItem\",\"position\":2,\"name\":\"D\u00e9veloppements sur mesure\"}]},{\"@type\":\"WebSite\",\"@id\":\"https:\/\/www.labelfactory.eu\/fr\/#website\",\"url\":\"https:\/\/www.labelfactory.eu\/fr\/\",\"name\":\"Label Factory\",\"description\":\"Equipos de etiquetado autom\u00e1tico\",\"potentialAction\":[{\"@type\":\"SearchAction\",\"target\":{\"@type\":\"EntryPoint\",\"urlTemplate\":\"https:\/\/www.labelfactory.eu\/fr\/?s={search_term_string}\"},\"query-input\":\"required name=search_term_string\"}],\"inLanguage\":\"fr-FR\"}]}<\/script>\n<!-- \/ Yoast SEO plugin. -->","yoast_head_json":{"title":"D\u00e9veloppements sur mesure - Label Factory","robots":{"index":"index","follow":"follow","max-snippet":"max-snippet:-1","max-image-preview":"max-image-preview:large","max-video-preview":"max-video-preview:-1"},"canonical":"https:\/\/www.labelfactory.eu\/fr\/developpements-sur-mesure\/","og_locale":"fr_FR","og_type":"article","og_title":"D\u00e9veloppements sur mesure - Label Factory","og_url":"https:\/\/www.labelfactory.eu\/fr\/developpements-sur-mesure\/","og_site_name":"Label Factory","article_modified_time":"2019-05-02T15:28:07+00:00","twitter_card":"summary_large_image","twitter_misc":{"Dur\u00e9e de lecture estim\u00e9e":"6 minutes"},"schema":{"@context":"https:\/\/schema.org","@graph":[{"@type":"WebPage","@id":"https:\/\/www.labelfactory.eu\/fr\/developpements-sur-mesure\/","url":"https:\/\/www.labelfactory.eu\/fr\/developpements-sur-mesure\/","name":"D\u00e9veloppements sur mesure - Label Factory","isPartOf":{"@id":"https:\/\/www.labelfactory.eu\/fr\/#website"},"datePublished":"2017-04-25T23:00:54+00:00","dateModified":"2019-05-02T15:28:07+00:00","breadcrumb":{"@id":"https:\/\/www.labelfactory.eu\/fr\/developpements-sur-mesure\/#breadcrumb"},"inLanguage":"fr-FR","potentialAction":[{"@type":"ReadAction","target":["https:\/\/www.labelfactory.eu\/fr\/developpements-sur-mesure\/"]}]},{"@type":"BreadcrumbList","@id":"https:\/\/www.labelfactory.eu\/fr\/developpements-sur-mesure\/#breadcrumb","itemListElement":[{"@type":"ListItem","position":1,"name":"Portada","item":"https:\/\/www.labelfactory.eu\/fr\/"},{"@type":"ListItem","position":2,"name":"D\u00e9veloppements sur mesure"}]},{"@type":"WebSite","@id":"https:\/\/www.labelfactory.eu\/fr\/#website","url":"https:\/\/www.labelfactory.eu\/fr\/","name":"Label Factory","description":"Equipos de etiquetado autom\u00e1tico","potentialAction":[{"@type":"SearchAction","target":{"@type":"EntryPoint","urlTemplate":"https:\/\/www.labelfactory.eu\/fr\/?s={search_term_string}"},"query-input":"required name=search_term_string"}],"inLanguage":"fr-FR"}]}},"_links":{"self":[{"href":"https:\/\/www.labelfactory.eu\/fr\/wp-json\/wp\/v2\/pages\/5000"}],"collection":[{"href":"https:\/\/www.labelfactory.eu\/fr\/wp-json\/wp\/v2\/pages"}],"about":[{"href":"https:\/\/www.labelfactory.eu\/fr\/wp-json\/wp\/v2\/types\/page"}],"author":[{"embeddable":true,"href":"https:\/\/www.labelfactory.eu\/fr\/wp-json\/wp\/v2\/users\/1"}],"replies":[{"embeddable":true,"href":"https:\/\/www.labelfactory.eu\/fr\/wp-json\/wp\/v2\/comments?post=5000"}],"version-history":[{"count":2,"href":"https:\/\/www.labelfactory.eu\/fr\/wp-json\/wp\/v2\/pages\/5000\/revisions"}],"predecessor-version":[{"id":5002,"href":"https:\/\/www.labelfactory.eu\/fr\/wp-json\/wp\/v2\/pages\/5000\/revisions\/5002"}],"wp:attachment":[{"href":"https:\/\/www.labelfactory.eu\/fr\/wp-json\/wp\/v2\/media?parent=5000"}],"curies":[{"name":"wp","href":"https:\/\/api.w.org\/{rel}","templated":true}]}}