{"id":5026,"date":"2017-05-21T14:11:47","date_gmt":"2017-05-21T14:11:47","guid":{"rendered":"http:\/\/www.labelfactory.eu\/?page_id=5026"},"modified":"2019-05-02T15:37:39","modified_gmt":"2019-05-02T15:37:39","slug":"etiquetage-de-packs-et-cartons","status":"publish","type":"page","link":"https:\/\/www.labelfactory.eu\/fr\/etiquetage-de-packs-et-cartons\/","title":{"rendered":"\u00c9tiquetage de packs et cartons"},"content":{"rendered":"<\/div><\/div><\/div><!-- close content main div --><\/div><\/div><div id='av_section_1' class='avia-section main_color avia-section-default avia-no-border-styling av-parallax-section avia-bg-style-parallax  av-minimum-height av-minimum-height-custom container_wrap sidebar_left'  data-section-bg-repeat='no-repeat' ><div class='av-parallax' data-avia-parallax-ratio='0.3' ><div class='av-parallax-inner main_color  avia-full-stretch' style = 'background-repeat: no-repeat; background-image: url(https:\/\/www.labelfactory.eu\/wp-content\/uploads\/2017\/05\/etiquetado-cajas.jpg); background-attachment: scroll; background-position: bottom center; ' ><\/div><\/div><div class='container' style='height:500px'><div class='template-page content  av-content-small units'><div class='post-entry post-entry-type-page post-entry-5026'><div class='entry-content-wrapper clearfix'><\/div><\/div><\/div><!-- close content main div --><\/div><\/div><div id='after_section_1' class='main_color av_default_container_wrap container_wrap sidebar_left'   ><div class='container' ><div class='template-page content  av-content-small units'><div class='post-entry post-entry-type-page post-entry-5026'><div class='entry-content-wrapper clearfix'>\n<\/div><\/div><\/div><!-- close content main div --><\/div><\/div><div id='av_section_2' class='avia-section main_color avia-section-large avia-no-border-styling avia-bg-style-scroll  container_wrap sidebar_left'   ><div class='container' ><div class='template-page content  av-content-small units'><div class='post-entry post-entry-type-page post-entry-5026'><div class='entry-content-wrapper clearfix'>\n<div style='padding-bottom:20px;font-size:40px;' class='av-special-heading av-special-heading-h1  blockquote modern-quote  av-inherit-size'><h1 class='av-special-heading-tag'  itemprop=\"headline\"  >\u00c9tiquetage de packs et cartons<\/h1><div class ='av-subheading av-subheading_below ' style='font-size:22px;'><p>Lot secondaire<\/p>\n<\/div><div class='special-heading-border'><div class='special-heading-inner-border' ><\/div><\/div><\/div>\n<div style=' margin-top:10px; margin-bottom:10px;'  class='hr hr-custom hr-left hr-icon-no '><span class='hr-inner   inner-border-av-border-fat' style=' width:50px; border-color:#000000;' ><span class='hr-inner-style'><\/span><\/span><\/div>\n<div class=\"flex_column av_one_half  flex_column_div av-zero-column-padding first  \" style='border-radius:0px; '><section class=\"av_textblock_section\"  itemscope=\"itemscope\" itemtype=\"https:\/\/schema.org\/CreativeWork\" ><div class='avia_textblock '   itemprop=\"text\" ><p class=\"p1\"><span class=\"s1\">Une gestion efficace de la cha\u00eene d&rsquo;approvisionnement n\u00e9cessite une gestion efficace des informations de lots. \u00c0 ce stade, il est n\u00e9cessaire que les informations soient exactes, lisibles et conformes aux r\u00e8gles et r\u00e9glementations en vigueur dans la destination de votre marchandise. Le codage dans cette partie de la cha\u00eene d&rsquo;approvisionnement regroupe les informations sur le produit individuel.<\/span><\/p>\n<p class=\"p1\"><span class=\"s1\">L\u2019\u00e9quipement con\u00e7u et fabriqu\u00e9 par Label Factory s\u2019adapte facilement aux syst\u00e8mes de gestion d\u2019entreprise (SGA, ERP) pour recevoir, imprimer, \u00e9tiqueter et v\u00e9rifier les informations n\u00e9cessaires en temps r\u00e9el. L&rsquo;impression en temps r\u00e9el \u00e0 la demande pr\u00e9sente l&rsquo;avantage d&rsquo;\u00e9conomies consid\u00e9rables, les \u00e9tiquettes pouvant \u00eatre imprim\u00e9es avec des informations variables correspondant \u00e0 l&#8217;emballage secondaire.<\/span><\/p>\n<\/div><\/section><br \/>\n<div style='height:30px' class='hr hr-invisible '><span class='hr-inner ' ><span class='hr-inner-style'><\/span><\/span><\/div><\/p><\/div><div class=\"flex_column av_one_half  flex_column_div av-zero-column-padding   \" style='border-radius:0px; '><section class=\"av_textblock_section\"  itemscope=\"itemscope\" itemtype=\"https:\/\/schema.org\/CreativeWork\" ><div class='avia_textblock '   itemprop=\"text\" ><h3 class=\"p1\"><span class=\"s1\">\u00c9quipement recommand\u00e9<\/span><\/h3>\n<p class=\"p1\"><span class=\"s1\">Les solutionts appropri\u00e9es pour l\u2019\u00e9tiquetage de lot sont les suivantes:<\/span><\/p>\n<ul>\n<li class=\"p1\"><a href=\"https:\/\/www.labelfactory.eu\/fr\/produits\/serie-600-fr\/\"><span class=\"s1\">Labelit Serie 600<\/span><\/a><\/li>\n<li class=\"p1\"><a href=\"https:\/\/www.labelfactory.eu\/fr\/produits\/serie-700-fr\/\"><span class=\"s1\">Labelit Serie 700<\/span><\/a><\/li>\n<\/ul>\n<p class=\"p1\"><span class=\"s1\">\u00a0<\/span><\/p>\n<h3 class=\"p1\"><span class=\"s1\">Produits \u00e0 \u00e9tiqueter<\/span><\/h3>\n<ul>\n<li class=\"p1\"><span class=\"s1\">Packs<\/span><\/li>\n<li class=\"p1\"><span class=\"s1\">Sacs<\/span><\/li>\n<li class=\"p1\"><span class=\"s1\">Bo\u00eetes<\/span><\/li>\n<li class=\"p1\"><span class=\"s1\">Paquets<\/span><\/li>\n<\/ul>\n<\/div><\/section><\/div><\/div><\/div><\/div><!-- close content main div --><\/div><\/div><div id='after_section_2' class='main_color av_default_container_wrap container_wrap sidebar_left'   ><div class='container' ><div class='template-page content  av-content-small units'><div class='post-entry post-entry-type-page post-entry-5026'><div class='entry-content-wrapper clearfix'><div id='av-masonry-1' class='av-masonry noHover av-fixed-size av-large-gap av-hover-overlay- av-masonry-col-4 av-caption-always av-caption-style- av-masonry-gallery  ' style='background-color:#ffffff; ' ><div class='av-masonry-container isotope av-js-disabled ' ><div class='av-masonry-entry isotope-item av-masonry-item-no-image '><\/div><div id='av-masonry-1-item-5023' data-av-masonry-item='5023' class='av-masonry-entry isotope-item post-5023 attachment type-attachment status-inherit hentry  av-masonry-item-with-image'   itemprop=\"thumbnailUrl\" ><div class='av-inner-masonry-sizer'><\/div><figure class='av-inner-masonry main_color'><div class=\"av-masonry-outerimage-container\"><div class=\"av-masonry-image-container\" style=\"background-image: url(https:\/\/www.labelfactory.eu\/wp-content\/uploads\/2017\/05\/pack-cervezas.jpg);\"><img src=\"https:\/\/www.labelfactory.eu\/wp-content\/uploads\/2017\/05\/pack-cervezas.jpg\" title=\"pack-cervezas\" alt=\"\" \/><\/div><\/div><\/figure><\/div><!--end av-masonry entry--><div id='av-masonry-1-item-5020' data-av-masonry-item='5020' class='av-masonry-entry isotope-item post-5020 attachment type-attachment status-inherit hentry  av-masonry-item-with-image'   itemprop=\"thumbnailUrl\" ><div class='av-inner-masonry-sizer'><\/div><figure class='av-inner-masonry main_color'><div class=\"av-masonry-outerimage-container\"><div class=\"av-masonry-image-container\" style=\"background-image: url(https:\/\/www.labelfactory.eu\/wp-content\/uploads\/2017\/05\/pack-huevos.jpg);\"><img src=\"https:\/\/www.labelfactory.eu\/wp-content\/uploads\/2017\/05\/pack-huevos.jpg\" title=\"pack-huevos\" alt=\"\" \/><\/div><\/div><\/figure><\/div><!--end av-masonry entry--><div id='av-masonry-1-item-5024' data-av-masonry-item='5024' class='av-masonry-entry isotope-item post-5024 attachment type-attachment status-inherit hentry  av-masonry-item-with-image'   itemprop=\"thumbnailUrl\" ><div class='av-inner-masonry-sizer'><\/div><figure class='av-inner-masonry main_color'><div class=\"av-masonry-outerimage-container\"><div class=\"av-masonry-image-container\" style=\"background-image: url(https:\/\/www.labelfactory.eu\/wp-content\/uploads\/2017\/05\/sacos-cajas.jpg);\"><img src=\"https:\/\/www.labelfactory.eu\/wp-content\/uploads\/2017\/05\/sacos-cajas.jpg\" title=\"sacos-cajas\" alt=\"\" \/><\/div><\/div><\/figure><\/div><!--end av-masonry entry--><div id='av-masonry-1-item-5022' data-av-masonry-item='5022' class='av-masonry-entry isotope-item post-5022 attachment type-attachment status-inherit hentry  av-masonry-item-with-image'   itemprop=\"thumbnailUrl\" ><div class='av-inner-masonry-sizer'><\/div><figure class='av-inner-masonry main_color'><div class=\"av-masonry-outerimage-container\"><div class=\"av-masonry-image-container\" style=\"background-image: url(https:\/\/www.labelfactory.eu\/wp-content\/uploads\/2017\/05\/etiquetado-latas.jpg);\"><img src=\"https:\/\/www.labelfactory.eu\/wp-content\/uploads\/2017\/05\/etiquetado-latas.jpg\" title=\"etiquetado-latas\" alt=\"\" \/><\/div><\/div><\/figure><\/div><!--end av-masonry entry--><\/div><\/div><\/p>\n<\/div><\/div><\/div><!-- close content main div --><\/div><\/div><div id='av_section_3' class='avia-section main_color avia-section-huge avia-no-border-styling avia-full-stretch av-section-color-overlay-active avia-bg-style-fixed  container_wrap sidebar_left' style = 'background-repeat: no-repeat; background-image: url(https:\/\/www.labelfactory.eu\/wp-content\/uploads\/2017\/05\/lector-etiqueta.jpg); background-attachment: fixed; background-position: center center; ' data-section-bg-repeat='stretch' ><div class='av-section-color-overlay-wrap'><div class='av-section-color-overlay' style='opacity: 0.8; background-color: #35383c; '><\/div><div class='container' ><div class='template-page content  av-content-small units'><div class='post-entry post-entry-type-page post-entry-5026'><div class='entry-content-wrapper clearfix'>\n<div class=\"flex_column av_one_fifth  flex_column_div av-zero-column-padding first  \" style='border-radius:0px; '><\/div><div class=\"flex_column av_three_fifth  flex_column_div av-zero-column-padding   \" style='border-radius:0px; '><p><div style='padding-bottom:20px;color:#ffffff;font-size:40px;' class='av-special-heading av-special-heading-h2 custom-color-heading blockquote modern-quote modern-centered  av-thin-font av-inherit-size'><h2 class='av-special-heading-tag'  itemprop=\"headline\"  >La technologie efficace<strong>.<\/strong><\/h2><div class='special-heading-border'><div class='special-heading-inner-border' style='border-color:#ffffff'><\/div><\/div><\/div><br \/>\n<section class=\"av_textblock_section\"  itemscope=\"itemscope\" itemtype=\"https:\/\/schema.org\/CreativeWork\" ><div class='avia_textblock  av_inherit_color'  style='font-size:18px; color:#ffffff; '  itemprop=\"text\" ><p class=\"p1\" style=\"text-align: center;\"><span class=\"s1\">Groupe d&rsquo;\u00e9tiquetage rentables, plus \u00e9cologique, plus efficace et qui dure beaucoup plus longtemps dans les conditions de travail les plus difficiles.<\/span><\/p>\n<\/div><\/section><\/p><\/div><div class=\"flex_column av_one_fifth  flex_column_div av-zero-column-padding   \" style='border-radius:0px; '><\/div><\/div><\/div><\/div><!-- close content main div --><\/div><\/div><\/div><div id='after_section_3' class='main_color av_default_container_wrap container_wrap sidebar_left'   ><div class='container' ><div class='template-page content  av-content-small units'><div class='post-entry post-entry-type-page post-entry-5026'><div class='entry-content-wrapper clearfix'>\n","protected":false},"excerpt":{"rendered":"","protected":false},"author":1,"featured_media":0,"parent":0,"menu_order":0,"comment_status":"closed","ping_status":"closed","template":"template-empresa.php","meta":[],"yoast_head":"<!-- This site is optimized with the Yoast SEO plugin v21.1 - https:\/\/yoast.com\/wordpress\/plugins\/seo\/ -->\n<title>\u00c9tiquetage de packs et cartons - Label Factory<\/title>\n<meta name=\"robots\" content=\"index, follow, max-snippet:-1, max-image-preview:large, max-video-preview:-1\" \/>\n<link rel=\"canonical\" href=\"https:\/\/www.labelfactory.eu\/fr\/etiquetage-de-packs-et-cartons\/\" \/>\n<meta property=\"og:locale\" content=\"fr_FR\" \/>\n<meta property=\"og:type\" content=\"article\" \/>\n<meta property=\"og:title\" content=\"\u00c9tiquetage de packs et cartons - Label Factory\" \/>\n<meta property=\"og:url\" content=\"https:\/\/www.labelfactory.eu\/fr\/etiquetage-de-packs-et-cartons\/\" \/>\n<meta property=\"og:site_name\" content=\"Label Factory\" \/>\n<meta property=\"article:modified_time\" content=\"2019-05-02T15:37:39+00:00\" \/>\n<meta name=\"twitter:card\" content=\"summary_large_image\" \/>\n<meta name=\"twitter:label1\" content=\"Dur\u00e9e de lecture estim\u00e9e\" \/>\n\t<meta name=\"twitter:data1\" content=\"5 minutes\" \/>\n<script type=\"application\/ld+json\" class=\"yoast-schema-graph\">{\"@context\":\"https:\/\/schema.org\",\"@graph\":[{\"@type\":\"WebPage\",\"@id\":\"https:\/\/www.labelfactory.eu\/fr\/etiquetage-de-packs-et-cartons\/\",\"url\":\"https:\/\/www.labelfactory.eu\/fr\/etiquetage-de-packs-et-cartons\/\",\"name\":\"\u00c9tiquetage de packs et cartons - Label Factory\",\"isPartOf\":{\"@id\":\"https:\/\/www.labelfactory.eu\/fr\/#website\"},\"datePublished\":\"2017-05-21T14:11:47+00:00\",\"dateModified\":\"2019-05-02T15:37:39+00:00\",\"breadcrumb\":{\"@id\":\"https:\/\/www.labelfactory.eu\/fr\/etiquetage-de-packs-et-cartons\/#breadcrumb\"},\"inLanguage\":\"fr-FR\",\"potentialAction\":[{\"@type\":\"ReadAction\",\"target\":[\"https:\/\/www.labelfactory.eu\/fr\/etiquetage-de-packs-et-cartons\/\"]}]},{\"@type\":\"BreadcrumbList\",\"@id\":\"https:\/\/www.labelfactory.eu\/fr\/etiquetage-de-packs-et-cartons\/#breadcrumb\",\"itemListElement\":[{\"@type\":\"ListItem\",\"position\":1,\"name\":\"Portada\",\"item\":\"https:\/\/www.labelfactory.eu\/fr\/\"},{\"@type\":\"ListItem\",\"position\":2,\"name\":\"\u00c9tiquetage de packs et cartons\"}]},{\"@type\":\"WebSite\",\"@id\":\"https:\/\/www.labelfactory.eu\/fr\/#website\",\"url\":\"https:\/\/www.labelfactory.eu\/fr\/\",\"name\":\"Label Factory\",\"description\":\"Equipos de etiquetado autom\u00e1tico\",\"potentialAction\":[{\"@type\":\"SearchAction\",\"target\":{\"@type\":\"EntryPoint\",\"urlTemplate\":\"https:\/\/www.labelfactory.eu\/fr\/?s={search_term_string}\"},\"query-input\":\"required name=search_term_string\"}],\"inLanguage\":\"fr-FR\"}]}<\/script>\n<!-- \/ Yoast SEO plugin. -->","yoast_head_json":{"title":"\u00c9tiquetage de packs et cartons - Label Factory","robots":{"index":"index","follow":"follow","max-snippet":"max-snippet:-1","max-image-preview":"max-image-preview:large","max-video-preview":"max-video-preview:-1"},"canonical":"https:\/\/www.labelfactory.eu\/fr\/etiquetage-de-packs-et-cartons\/","og_locale":"fr_FR","og_type":"article","og_title":"\u00c9tiquetage de packs et cartons - Label Factory","og_url":"https:\/\/www.labelfactory.eu\/fr\/etiquetage-de-packs-et-cartons\/","og_site_name":"Label Factory","article_modified_time":"2019-05-02T15:37:39+00:00","twitter_card":"summary_large_image","twitter_misc":{"Dur\u00e9e de lecture estim\u00e9e":"5 minutes"},"schema":{"@context":"https:\/\/schema.org","@graph":[{"@type":"WebPage","@id":"https:\/\/www.labelfactory.eu\/fr\/etiquetage-de-packs-et-cartons\/","url":"https:\/\/www.labelfactory.eu\/fr\/etiquetage-de-packs-et-cartons\/","name":"\u00c9tiquetage de packs et cartons - Label Factory","isPartOf":{"@id":"https:\/\/www.labelfactory.eu\/fr\/#website"},"datePublished":"2017-05-21T14:11:47+00:00","dateModified":"2019-05-02T15:37:39+00:00","breadcrumb":{"@id":"https:\/\/www.labelfactory.eu\/fr\/etiquetage-de-packs-et-cartons\/#breadcrumb"},"inLanguage":"fr-FR","potentialAction":[{"@type":"ReadAction","target":["https:\/\/www.labelfactory.eu\/fr\/etiquetage-de-packs-et-cartons\/"]}]},{"@type":"BreadcrumbList","@id":"https:\/\/www.labelfactory.eu\/fr\/etiquetage-de-packs-et-cartons\/#breadcrumb","itemListElement":[{"@type":"ListItem","position":1,"name":"Portada","item":"https:\/\/www.labelfactory.eu\/fr\/"},{"@type":"ListItem","position":2,"name":"\u00c9tiquetage de packs et cartons"}]},{"@type":"WebSite","@id":"https:\/\/www.labelfactory.eu\/fr\/#website","url":"https:\/\/www.labelfactory.eu\/fr\/","name":"Label Factory","description":"Equipos de etiquetado autom\u00e1tico","potentialAction":[{"@type":"SearchAction","target":{"@type":"EntryPoint","urlTemplate":"https:\/\/www.labelfactory.eu\/fr\/?s={search_term_string}"},"query-input":"required name=search_term_string"}],"inLanguage":"fr-FR"}]}},"_links":{"self":[{"href":"https:\/\/www.labelfactory.eu\/fr\/wp-json\/wp\/v2\/pages\/5026"}],"collection":[{"href":"https:\/\/www.labelfactory.eu\/fr\/wp-json\/wp\/v2\/pages"}],"about":[{"href":"https:\/\/www.labelfactory.eu\/fr\/wp-json\/wp\/v2\/types\/page"}],"author":[{"embeddable":true,"href":"https:\/\/www.labelfactory.eu\/fr\/wp-json\/wp\/v2\/users\/1"}],"replies":[{"embeddable":true,"href":"https:\/\/www.labelfactory.eu\/fr\/wp-json\/wp\/v2\/comments?post=5026"}],"version-history":[{"count":2,"href":"https:\/\/www.labelfactory.eu\/fr\/wp-json\/wp\/v2\/pages\/5026\/revisions"}],"predecessor-version":[{"id":5028,"href":"https:\/\/www.labelfactory.eu\/fr\/wp-json\/wp\/v2\/pages\/5026\/revisions\/5028"}],"wp:attachment":[{"href":"https:\/\/www.labelfactory.eu\/fr\/wp-json\/wp\/v2\/media?parent=5026"}],"curies":[{"name":"wp","href":"https:\/\/api.w.org\/{rel}","templated":true}]}}